{"id":30645,"date":"2023-08-14T13:50:27","date_gmt":"2023-08-14T12:50:27","guid":{"rendered":"https:\/\/star-emea.com\/?page_id=30645"},"modified":"2023-08-14T13:52:12","modified_gmt":"2023-08-14T12:52:12","slug":"bedingungen-und-konditionen","status":"publish","type":"page","link":"https:\/\/star-emea.com\/de\/bedingungen-und-konditionen\/","title":{"rendered":"Bedingungen und Konditionen"},"content":{"rendered":"\t\t<div data-elementor-type=\"wp-page\" data-elementor-id=\"30645\" class=\"elementor elementor-30645\" data-elementor-post-type=\"page\">\n\t\t\t\t\t\t<section class=\"elementor-section elementor-top-section elementor-element elementor-element-16631be1 elementor-section-boxed elementor-section-height-default elementor-section-height-default\" data-id=\"16631be1\" data-element_type=\"section\" data-e-type=\"section\" data-settings=\"{&quot;ekit_has_onepagescroll_dot&quot;:&quot;yes&quot;}\">\n\t\t\t\t\t\t<div class=\"elementor-container elementor-column-gap-default\">\n\t\t\t\t\t<div class=\"elementor-column elementor-col-100 elementor-top-column elementor-element elementor-element-743c365c\" data-id=\"743c365c\" data-element_type=\"column\" data-e-type=\"column\">\n\t\t\t<div class=\"elementor-widget-wrap elementor-element-populated\">\n\t\t\t\t\t\t<div class=\"elementor-element elementor-element-3c63a0af elementor-widget elementor-widget-text-editor\" data-id=\"3c63a0af\" data-element_type=\"widget\" data-e-type=\"widget\" data-settings=\"{&quot;ekit_we_effect_on&quot;:&quot;none&quot;}\" data-widget_type=\"text-editor.default\">\n\t\t\t\t<div class=\"elementor-widget-container\">\n\t\t\t\t\t\t\t\t\t<p>\u00a0<\/p>\n<p><strong>-Es gelten die folgenden Allgemeinen Gesch\u00e4ftsbedingungen.<\/strong><\/p>\n<p><strong>-Der Aktionszeitraum l\u00e4uft vom 14. August bis zum 31. Dezember 2023<\/strong><\/p>\n<p><strong>-Die Aktion gilt nur f\u00fcr IGZTK-Partner, die sich \u00fcber das Star-Anmeldeformular registrieren und eine Best\u00e4tigung von Star erhalten<\/strong><\/p>\n<p><strong>-Die Aktion ist nur \u00fcber autorisierte Star Distributoren in Europa erh\u00e4ltlich<\/strong><\/p>\n<p><strong>-Die Aktion gilt nur f\u00fcr Produkte, die in der DACH-Region fakturiert und versandt werden<\/strong><\/p>\n<p><strong>-Partner m\u00fcssen ein Handelskonto bei einem autorisierten Star-Distributor haben<\/strong><\/p>\n<p><strong>-Aktion l\u00e4uft nur, solange der Vorrat reicht<\/strong><\/p>\n<p><strong>-Der Rabatt wird zum Zeitpunkt des Kaufs auf den regul\u00e4ren Kaufpreis angerechnet.<\/strong><\/p>\n<p><strong>-Die Aktion kann nicht r\u00fcckwirkend f\u00fcr Bestellungen in Anspruch genommen werden, die vor dem Datum der Partnerregistrierung in Rechnung gestellt wurden.<\/strong><\/p>\n<p><strong>-Die Aktion kann nicht in Verbindung mit anderen Star-Aktionen, Preisausnahmen oder Demorabatten genutzt werden.<\/strong><\/p>\n<p><strong>-Die Waren m\u00fcssen w\u00e4hrend des Aktionszeitraums in Rechnung gestellt UND versandt werden.<\/strong><\/p>\n<p><strong>-Das Demo-Angebot gilt f\u00fcr einen kostenlosen Drucker, weitere Demo-Drucker k\u00f6nnen ausgeliehen werden (bitte wenden Sie sich direkt an Mojdeh Mirzaei \u00a0\u00a0<a href=\"mailto:mmirzaei@star-emea.com\">mmirzaei@star-emea.com<\/a>)<\/strong><\/p>\n<p><strong>-Star Micronics beh\u00e4lt sich das Recht vor, die Bedingungen der Werbeaktion jederzeit und ohne vorherige Ank\u00fcndigung zu \u00e4ndern oder zu stornieren.<\/strong><\/p>\n<p><strong>-Die Entscheidungen von Star Micronics in Bezug auf alle Elemente der Werbeaktion sind endg\u00fcltig und bindend.<\/strong><\/p>\t\t\t\t\t\t\t\t<\/div>\n\t\t\t\t<\/div>\n\t\t\t\t\t<\/div>\n\t\t<\/div>\n\t\t\t\t\t<\/div>\n\t\t<\/section>\n\t\t\t\t<\/div>\n\t\t","protected":false},"excerpt":{"rendered":"<p>\u00a0 -Es gelten die folgenden Allgemeinen Gesch\u00e4ftsbedingungen. -Der Aktionszeitraum l\u00e4uft vom 14. August bis zum 31. Dezember 2023 -Die Aktion gilt nur f\u00fcr IGZTK-Partner, die sich \u00fcber das Star-Anmeldeformular registrieren und eine Best\u00e4tigung von Star erhalten -Die Aktion ist nur \u00fcber autorisierte Star Distributoren in Europa erh\u00e4ltlich -Die Aktion gilt nur f\u00fcr Produkte, die in [&hellip;]<\/p>\n","protected":false},"author":950,"featured_media":0,"parent":0,"menu_order":0,"comment_status":"closed","ping_status":"closed","template":"","meta":{"_acf_changed":false,"footnotes":""},"class_list":["post-30645","page","type-page","status-publish","hentry"],"acf":[],"yoast_head":"<!-- This site is optimized with the Yoast SEO plugin v26.4 - https:\/\/yoast.com\/wordpress\/plugins\/seo\/ -->\n<title>Bedingungen und Konditionen - Star EMEA<\/title>\n<meta name=\"robots\" content=\"index, follow, max-snippet:-1, max-image-preview:large, max-video-preview:-1\" \/>\n<meta property=\"og:locale\" content=\"de_DE\" \/>\n<meta property=\"og:type\" content=\"article\" \/>\n<meta property=\"og:title\" content=\"Bedingungen und Konditionen - Star EMEA\" \/>\n<meta property=\"og:description\" content=\"\u00a0 -Es gelten die folgenden Allgemeinen Gesch\u00e4ftsbedingungen. -Der Aktionszeitraum l\u00e4uft vom 14. August bis zum 31. Dezember 2023 -Die Aktion gilt nur f\u00fcr IGZTK-Partner, die sich \u00fcber das Star-Anmeldeformular registrieren und eine Best\u00e4tigung von Star erhalten -Die Aktion ist nur \u00fcber autorisierte Star Distributoren in Europa erh\u00e4ltlich -Die Aktion gilt nur f\u00fcr Produkte, die in [&hellip;]\" \/>\n<meta property=\"og:url\" content=\"https:\/\/star-emea.com\/de\/bedingungen-und-konditionen\/\" \/>\n<meta property=\"og:site_name\" content=\"Star EMEA\" \/>\n<meta property=\"article:publisher\" content=\"https:\/\/www.facebook.com\/StarMicronicsEMEA\" \/>\n<meta property=\"article:modified_time\" content=\"2023-08-14T12:52:12+00:00\" \/>\n<meta name=\"twitter:label1\" content=\"Gesch\u00e4tzte Lesezeit\" \/>\n\t<meta name=\"twitter:data1\" content=\"2 Minuten\" \/>\n<script type=\"application\/ld+json\" class=\"yoast-schema-graph\">{\"@context\":\"https:\/\/schema.org\",\"@graph\":[{\"@type\":\"WebPage\",\"@id\":\"https:\/\/star-emea.com\/de\/bedingungen-und-konditionen\/\",\"url\":\"https:\/\/star-emea.com\/de\/bedingungen-und-konditionen\/\",\"name\":\"Bedingungen und Konditionen - Star EMEA\",\"isPartOf\":{\"@id\":\"https:\/\/star-emea.com\/#website\"},\"datePublished\":\"2023-08-14T12:50:27+00:00\",\"dateModified\":\"2023-08-14T12:52:12+00:00\",\"breadcrumb\":{\"@id\":\"https:\/\/star-emea.com\/de\/bedingungen-und-konditionen\/#breadcrumb\"},\"inLanguage\":\"de-DE\",\"potentialAction\":[{\"@type\":\"ReadAction\",\"target\":[\"https:\/\/star-emea.com\/de\/bedingungen-und-konditionen\/\"]}]},{\"@type\":\"BreadcrumbList\",\"@id\":\"https:\/\/star-emea.com\/de\/bedingungen-und-konditionen\/#breadcrumb\",\"itemListElement\":[{\"@type\":\"ListItem\",\"position\":1,\"name\":\"Home\",\"item\":\"https:\/\/star-emea.com\/de\/\"},{\"@type\":\"ListItem\",\"position\":2,\"name\":\"Bedingungen und Konditionen\"}]},{\"@type\":\"WebSite\",\"@id\":\"https:\/\/star-emea.com\/#website\",\"url\":\"https:\/\/star-emea.com\/\",\"name\":\"Star EMEA\",\"description\":\"\",\"publisher\":{\"@id\":\"https:\/\/star-emea.com\/#organization\"},\"potentialAction\":[{\"@type\":\"SearchAction\",\"target\":{\"@type\":\"EntryPoint\",\"urlTemplate\":\"https:\/\/star-emea.com\/?s={search_term_string}\"},\"query-input\":{\"@type\":\"PropertyValueSpecification\",\"valueRequired\":true,\"valueName\":\"search_term_string\"}}],\"inLanguage\":\"de-DE\"},{\"@type\":\"Organization\",\"@id\":\"https:\/\/star-emea.com\/#organization\",\"name\":\"Star EMEA\",\"url\":\"https:\/\/star-emea.com\/\",\"logo\":{\"@type\":\"ImageObject\",\"inLanguage\":\"de-DE\",\"@id\":\"https:\/\/star-emea.com\/#\/schema\/logo\/image\/\",\"url\":\"https:\/\/star-emea.com\/wp-content\/uploads\/2022\/05\/Star-blue-logo-.png\",\"contentUrl\":\"https:\/\/star-emea.com\/wp-content\/uploads\/2022\/05\/Star-blue-logo-.png\",\"width\":147,\"height\":53,\"caption\":\"Star EMEA\"},\"image\":{\"@id\":\"https:\/\/star-emea.com\/#\/schema\/logo\/image\/\"},\"sameAs\":[\"https:\/\/www.facebook.com\/StarMicronicsEMEA\"]}]}<\/script>\n<!-- \/ Yoast SEO plugin. -->","yoast_head_json":{"title":"Bedingungen und Konditionen - Star EMEA","robots":{"index":"index","follow":"follow","max-snippet":"max-snippet:-1","max-image-preview":"max-image-preview:large","max-video-preview":"max-video-preview:-1"},"og_locale":"de_DE","og_type":"article","og_title":"Bedingungen und Konditionen - Star EMEA","og_description":"\u00a0 -Es gelten die folgenden Allgemeinen Gesch\u00e4ftsbedingungen. -Der Aktionszeitraum l\u00e4uft vom 14. August bis zum 31. Dezember 2023 -Die Aktion gilt nur f\u00fcr IGZTK-Partner, die sich \u00fcber das Star-Anmeldeformular registrieren und eine Best\u00e4tigung von Star erhalten -Die Aktion ist nur \u00fcber autorisierte Star Distributoren in Europa erh\u00e4ltlich -Die Aktion gilt nur f\u00fcr Produkte, die in [&hellip;]","og_url":"https:\/\/star-emea.com\/de\/bedingungen-und-konditionen\/","og_site_name":"Star EMEA","article_publisher":"https:\/\/www.facebook.com\/StarMicronicsEMEA","article_modified_time":"2023-08-14T12:52:12+00:00","twitter_misc":{"Gesch\u00e4tzte Lesezeit":"2 Minuten"},"schema":{"@context":"https:\/\/schema.org","@graph":[{"@type":"WebPage","@id":"https:\/\/star-emea.com\/de\/bedingungen-und-konditionen\/","url":"https:\/\/star-emea.com\/de\/bedingungen-und-konditionen\/","name":"Bedingungen und Konditionen - Star EMEA","isPartOf":{"@id":"https:\/\/star-emea.com\/#website"},"datePublished":"2023-08-14T12:50:27+00:00","dateModified":"2023-08-14T12:52:12+00:00","breadcrumb":{"@id":"https:\/\/star-emea.com\/de\/bedingungen-und-konditionen\/#breadcrumb"},"inLanguage":"de-DE","potentialAction":[{"@type":"ReadAction","target":["https:\/\/star-emea.com\/de\/bedingungen-und-konditionen\/"]}]},{"@type":"BreadcrumbList","@id":"https:\/\/star-emea.com\/de\/bedingungen-und-konditionen\/#breadcrumb","itemListElement":[{"@type":"ListItem","position":1,"name":"Home","item":"https:\/\/star-emea.com\/de\/"},{"@type":"ListItem","position":2,"name":"Bedingungen und Konditionen"}]},{"@type":"WebSite","@id":"https:\/\/star-emea.com\/#website","url":"https:\/\/star-emea.com\/","name":"Star EMEA","description":"","publisher":{"@id":"https:\/\/star-emea.com\/#organization"},"potentialAction":[{"@type":"SearchAction","target":{"@type":"EntryPoint","urlTemplate":"https:\/\/star-emea.com\/?s={search_term_string}"},"query-input":{"@type":"PropertyValueSpecification","valueRequired":true,"valueName":"search_term_string"}}],"inLanguage":"de-DE"},{"@type":"Organization","@id":"https:\/\/star-emea.com\/#organization","name":"Star EMEA","url":"https:\/\/star-emea.com\/","logo":{"@type":"ImageObject","inLanguage":"de-DE","@id":"https:\/\/star-emea.com\/#\/schema\/logo\/image\/","url":"https:\/\/star-emea.com\/wp-content\/uploads\/2022\/05\/Star-blue-logo-.png","contentUrl":"https:\/\/star-emea.com\/wp-content\/uploads\/2022\/05\/Star-blue-logo-.png","width":147,"height":53,"caption":"Star EMEA"},"image":{"@id":"https:\/\/star-emea.com\/#\/schema\/logo\/image\/"},"sameAs":["https:\/\/www.facebook.com\/StarMicronicsEMEA"]}]}},"_links":{"self":[{"href":"https:\/\/star-emea.com\/de\/wp-json\/wp\/v2\/pages\/30645","targetHints":{"allow":["GET"]}}],"collection":[{"href":"https:\/\/star-emea.com\/de\/wp-json\/wp\/v2\/pages"}],"about":[{"href":"https:\/\/star-emea.com\/de\/wp-json\/wp\/v2\/types\/page"}],"author":[{"embeddable":true,"href":"https:\/\/star-emea.com\/de\/wp-json\/wp\/v2\/users\/950"}],"replies":[{"embeddable":true,"href":"https:\/\/star-emea.com\/de\/wp-json\/wp\/v2\/comments?post=30645"}],"version-history":[{"count":0,"href":"https:\/\/star-emea.com\/de\/wp-json\/wp\/v2\/pages\/30645\/revisions"}],"wp:attachment":[{"href":"https:\/\/star-emea.com\/de\/wp-json\/wp\/v2\/media?parent=30645"}],"curies":[{"name":"wp","href":"https:\/\/api.w.org\/{rel}","templated":true}]}}