{"id":12539,"date":"2018-05-23T13:01:46","date_gmt":"2018-05-23T12:01:46","guid":{"rendered":"https:\/\/star-emea.com\/?page_id=12539"},"modified":"2018-05-23T13:01:46","modified_gmt":"2018-05-23T12:01:46","slug":"privacy-policy","status":"publish","type":"page","link":"https:\/\/star-emea.com\/es\/privacy-policy\/","title":{"rendered":"Privacy Policy"},"content":{"rendered":"<p>[et_pb_section admin_label=\u00bbsection\u00bb][et_pb_row admin_label=\u00bbrow\u00bb][et_pb_column type=\u00bb4_4&#8243;][et_pb_text admin_label=\u00bbText\u00bb background_layout=\u00bblight\u00bb text_orientation=\u00bbleft\u00bb use_border_color=\u00bboff\u00bb border_color=\u00bb#ffffff\u00bb border_style=\u00bbsolid\u00bb]<\/p>\n<p>&nbsp;<\/p>\n<p><strong>Pol\u00edtica de privacidad de Star Micronics EMEA<\/strong><\/p>\n<p>\u00daltima actualizaci\u00f3n: abril de 2018<\/p>\n<p><span style=\"text-decoration: underline;\">Qui\u00e9nes somos<\/span><\/p>\n<p>En la presente pol\u00edtica de privacidad, las referencias a la primera persona del plural se refieren a Star Micronics EMEA (Star Micronics Europe Ltd). \u201cNuestros sitios web\u201d o \u201clos sitios web\u201d se refieren a <a href=\"http:\/\/star-emea.com\">www.star-emea.com<\/a>, <a href=\"http:\/\/www.star-meast.com\">www.star-meast.com<\/a>, <a href=\"http:\/\/www.futureprnt.com\">www.futureprnt.com<\/a>, <a href=\"http:\/\/www.mpop.com\">www.mpop.com<\/a>, <a href=\"http:\/\/www.kasseninnovationen.com\">www.kasseninnovationen.com<\/a>, <a href=\"http:\/\/www.star-russia.com\">www.star-russia.com<\/a> y <a href=\"http:\/\/www.starvip.club\">www.starvip.club<\/a>&nbsp;<\/p>\n<p>Star Micronics EMEA, fabricante de impresoras para terminales de punto de venta (TPV), es una filial propiedad al cien por cien de Star Micronics Co. Ltd., Jap\u00f3n.&nbsp; En Star Micronics EMEA damos m\u00e1xima importancia a la privacidad y seguridad de nuestros clientes y de los visitantes de los sitios web, por lo que Star Micronics tiene el compromiso de proteger los datos que usted comparte con nosotros. En esta pol\u00edtica de privacidad se explica c\u00f3mo trata Star Micronics la informaci\u00f3n que puede utilizarse para identificar de forma directa o indirecta los datos personales individuales recabados a trav\u00e9s del uso de nuestros sitios web.<\/p>\n<p><span style=\"text-decoration: underline;\">Qu\u00e9 informaci\u00f3n recabamos y de qu\u00e9 forma la obtenemos<\/span><\/p>\n<p>Star Micronics puede recopilar, grabar y analizar informaci\u00f3n de los visitantes de su sitio web. Podemos registrar su direcci\u00f3n IP y utilizar cookies.&nbsp; Asimismo, Star Micronics puede recopilar y tratar cualesquiera datos personales que usted nos proporcione voluntariamente en los formularios de nuestro sitio web, por ejemplo, al enviar una consulta o inscribirse para obtener informaci\u00f3n o boletines de noticias.<\/p>\n<p>La informaci\u00f3n que recabamos a trav\u00e9s nuestros sitios web puede incluir los siguientes datos:<\/p>\n<ul>\n<li>Datos personales que usted nos facilite conscientemente a trav\u00e9s de formularios de contacto, como su nombre y apellidos, direcci\u00f3n postal o de correo electr\u00f3nico, n\u00famero de tel\u00e9fono, cargo, informaci\u00f3n de redes sociales, \u00e1reas de inter\u00e9s en la gama de productos de Star o los productos que ya ha adquirido, as\u00ed como determinados datos sobre la empresa para la que trabaja (nombre y direcci\u00f3n de la empresa) e informaci\u00f3n sobre el tipo de relaci\u00f3n existente entre Star Micronics y usted.<\/li>\n<li>Su direcci\u00f3n IP. Datos registrados por la web que nos permiten reconocerle y conocer su configuraci\u00f3n preferida, lo que le evita tener que volver a introducir informaci\u00f3n cada vez que visite el sitio. Dichos datos se registran localmente en su equipo mediante el empleo de cookies. La mayor\u00eda de los navegadores se pueden programar para que rechacen las cookies o para que le adviertan antes de descargar cookies. Encontrar\u00e1 informaci\u00f3n a este respecto en la ayuda de su navegador.<\/li>\n<li>Star Micronics recaba datos acerca de las visitas al sitio web, incluidos el n\u00famero de visitantes y visitas, datos de geolocalizaci\u00f3n, duraci\u00f3n de la visita al sitio, p\u00e1ginas en las que se ha hecho clic o procedencia de los visitantes.<\/li>\n<li>En caso de uso meramente informativo del sitio web, por ejemplo, si no se registra ni nos facilita informaci\u00f3n de ninguna otra forma, solo recopilaremos los datos personales que su navegador transmita a nuestro servidor. Si desea ver nuestro sitio web, recopilaremos la siguiente informaci\u00f3n que resulte t\u00e9cnicamente necesaria para mostrar nuestro sitio web y proporcionar estabilidad y seguridad (conforme al Art. 6 del texto en ingl\u00e9s del RGPD \u2014\u00abGDPR\u00bb):\n<ul>\n<li>Direcci\u00f3n IP,<\/li>\n<li>Fecha y hora de la solicitud,<\/li>\n<li>Diferencia horaria con GMT,<\/li>\n<li>Contenido de la solicitud (p\u00e1gina concreta),<\/li>\n<li>Estado de acceso \/ c\u00f3digo de estado HTTP,<\/li>\n<li>Cada cantidad de datos transmitida,<\/li>\n<li>Sitio web del que procede la solicitud,<\/li>\n<li>Navegador<\/li>\n<li>Sistema operativo y su interfaz<\/li>\n<\/ul>\n<\/li>\n<\/ul>\n<p>Al visitar este sitio web, usted da su consentimiento a la recopilaci\u00f3n y el uso de sus datos personales.&nbsp; Si la legislaci\u00f3n aplicable as\u00ed lo exige, recabaremos su consentimiento expl\u00edcito para tratar los datos personales recopilados en este sitio web o que usted nos haya facilitado voluntariamente.<\/p>\n<p>&nbsp;<\/p>\n<p>&nbsp;<\/p>\n<p><span style=\"text-decoration: underline;\">Finalidad del tratamiento de datos personales<\/span><\/p>\n<p>Star Micronics utiliza los datos recopilados para comunicar con sus clientes y para mejorar su sitio web mediante el an\u00e1lisis de c\u00f3mo navegan los visitantes por su sitio web.<\/p>\n<p>Al enviar una consulta a trav\u00e9s de los formularios de nuestro sitio web, los visitantes pueden facilitar datos como el nombre, nombre de su empresa, correo electr\u00f3nico, direcci\u00f3n postal, tel\u00e9fono y otros datos pertinentes. Star Micronics utiliza esta informaci\u00f3n para identificar al cliente y facilitarle la informaci\u00f3n de producto, el soporte y los servicios solicitados, as\u00ed como para cumplir sus obligaciones contractuales.<\/p>\n<p>Al inscribirse para recibir nuestro bolet\u00edn de noticias y otra informaci\u00f3n sobre productos y marketing, los visitantes facilitan datos como el nombre, nombre de la empresa, correo electr\u00f3nico, direcci\u00f3n postal, tel\u00e9fono, inter\u00e9s en productos y otros datos pertinentes. Star Micronics utiliza esta informaci\u00f3n para identificar al cliente, facilitarle la informaci\u00f3n de producto solicitada, soporte y servicios y para cumplir sus obligaciones contractuales, as\u00ed como para ponerse en contacto con el cliente en relaci\u00f3n con boletines de noticias, mailings y actividades de ventas y marketing.<\/p>\n<p>&nbsp;<\/p>\n<p><span style=\"text-decoration: underline;\">Uso compartido de datos personales<\/span><\/p>\n<p>Star Micronics puede compartir dicha informaci\u00f3n con proveedores de servicios y contratistas con el fin de analizar el comportamiento de los visitantes en sus sitios web.<\/p>\n<p>Star Micronics tambi\u00e9n puede compartir informaci\u00f3n con distribuidores y revendedores de Star y con otras empresas del grupo Star Micronics para facilitar un producto o servicio solicitado o para cumplir sus obligaciones contractuales.<\/p>\n<p>&nbsp;<\/p>\n<p><u>Cookies<\/u><\/p>\n<p>Adem\u00e1s de los datos anteriormente mencionados, cuando visita nuestro sitio web se almacenan cookies en su ordenador. Las cookies son peque\u00f1os archivos de texto que se guardan en su disco duro, que se asignan al navegador que est\u00e1 utilizando y que facilitan determinada informaci\u00f3n al ente que establece la cookie (nosotros en este caso). Las cookies no pueden ejecutar programas ni transmitir virus a su ordenador. Su funci\u00f3n es hacer que Internet sea m\u00e1s f\u00e1cil de usar y m\u00e1s efectiva.<\/p>\n<p>Este sitio web utiliza los tipos de cookies indicados a continuaci\u00f3n, cuyo alcance y funcionamiento tambi\u00e9n se detallan m\u00e1s abajo:<\/p>\n<p>\u2013 Cookies transitorias; v\u00e9ase el apartado \u00aba\u00bb m\u00e1s abajo.<\/p>\n<p>\u2013 Cookies persistentes, v\u00e9ase el apartado \u00abb\u00bb m\u00e1s abajo.<\/p>\n<ol>\n<li>a) Las cookies transitorias se borran autom\u00e1ticamente cuando usted cierra su navegador. Estas incluyen, en particular, las cookies de sesi\u00f3n. Las cookies de sesi\u00f3n guardan lo que se conoce como ID de sesi\u00f3n, que permite asignar las diferentes consultas de su navegador a una sesi\u00f3n. Ello permite reconocer su PC si regresa a nuestro sitio web. Las cookies de sesi\u00f3n se eliminan si cierra la sesi\u00f3n o cierra su navegador.<\/li>\n<li>b) Las cookies persistentes se eliminan autom\u00e1ticamente despu\u00e9s de un periodo de tiempo que puede variar dependiendo de la cookie. Puede eliminar las cookies en la configuraci\u00f3n de seguridad de su navegador en cualquier momento.<\/li>\n<\/ol>\n<p>Puede establecer la configuraci\u00f3n de su navegador de la forma que desee, de manera que, por ejemplo, no se acepten cookies de terceros o no se acepte ninguna cookie. Tenga en cuenta que, en ese caso, es posible que no pueda utilizar todas las funciones del sitio web de Star Micronics.<\/p>\n<p>Utilizamos cookies para identificarle en visitas posteriores si tiene cuenta con nosotros. De lo contrario, tendr\u00e1 que iniciar sesi\u00f3n en cada visita.<\/p>\n<p>Las cookies Flash empleadas no son detectadas por su navegador pero s\u00ed por su plug-in de Flash. Asimismo, utilizamos objetos de almacenamiento HTML5 que se guardan en su dispositivo. Dichos objetos almacenan los datos requeridos con independencia del navegador que utilice y no tienen fecha de caducidad autom\u00e1tica. Si no desea procesar las cookies de Flash, deber\u00e1 instalar el correspondiente complemento, por ejemplo, \u201cBetter Privacy\u201d de Mozilla Firefox (https:\/\/addons.mozilla.org\/de\/firefox\/addon\/betterprivacy\/) o Adobe-Flash-Killer-Cookie para Google Chrome. Puede impedir el uso de objetos de almacenamiento HTML5 configurando el modo privado de su navegador. Asimismo, le recomendamos que elimine regularmente las cookies y el historial del navegador manualmente.<\/p>\n<p>&nbsp;<\/p>\n<p><span style=\"text-decoration: underline;\">Enlaces con otros sitios<\/span><\/p>\n<p>Al visitar nuestro sitio, los visitantes pueden seleccionar enlaces con otros sitios que no quedan bajo nuestro control.&nbsp; Star Micronics no es responsable del contenido ni de la pol\u00edtica de privacidad de dichos sitios.<\/p>\n<p><span style=\"text-decoration: underline;\">Retenci\u00f3n y eliminaci\u00f3n<\/span><\/p>\n<p>Todos los datos personales recopilados por Star Micronics EMEA a trav\u00e9s de los formularios de consulta de su sitio web se almacenan en instalaciones de alojamiento seguro proporcionadas por los servicios de alojamiento Heart Internet.&nbsp; Todo el alojamiento se realiza conforme a la normativa de seguridad m\u00e1s exigente.<\/p>\n<p>Si ha aceptado a trav\u00e9s de un formulario de contacto que se le incorpore a nuestra base de datos para recibir informaci\u00f3n adicional de productos y marketing, sus datos se almacenar\u00e1n de forma segura en nuestra base de datos de SalesForce.<\/p>\n<p>Star Micronics no conservar\u00e1 datos durante m\u00e1s tiempo del necesario para cumplir los fines para los que fueron recopilados o seg\u00fan exija la legislaci\u00f3n o normativa aplicable.<\/p>\n<p>De conformidad con el RGPD, le asiste el derecho a solicitar una copia de cualquier informaci\u00f3n que dispongamos sobre usted.<\/p>\n<p>Tiene derecho a solicitar la rectificaci\u00f3n o eliminaci\u00f3n de sus datos de nuestra base de datos y\/o a ser excluido de listas de mailing a las que haya estado suscrito anteriormente. Asimismo, tiene derecho a solicitar la restricci\u00f3n del tratamiento de sus datos personales, derecho de oposici\u00f3n al tratamiento y derecho a la portabilidad de los datos.<\/p>\n<p>Tambi\u00e9n tiene derecho a presentar una reclamaci\u00f3n ante el organismo supervisor de la protecci\u00f3n de datos acerca del tratamiento que realizamos de sus datos personales.<\/p>\n<p>Si desea recibir dicha informaci\u00f3n, env\u00ede sus datos de contacto a Star Micronics EMEA, Star House, Peregrine Business Park, Gomm Road, High Wycombe, Buckinghamshire HP13 7DL, Reino Unido o a Sales@Star-EMEA.com<\/p>\n<p>&nbsp;<\/p>\n<p><span style=\"text-decoration: underline;\">Obligaci\u00f3n legal a revelar datos personales<\/span><\/p>\n<p>Solo revelaremos los datos personales del cliente sin su permiso cuando tengamos motivos para creer que la revelaci\u00f3n de dichos datos es necesaria para identificar, ponernos en contacto o iniciar un procedimiento legal contra una o varias personas sospechosas de haber infringido los derechos o la propiedad de Star Micronics o de terceros que pudieran sufrir da\u00f1o por las actividades del usuario o de personas que pudieran transgredir (ya sea de forma deliberada o no) los derechos y la propiedad mencionados. Estamos autorizados a revelar datos personales si tenemos motivos fundados para considerar que ello es legalmente necesario.<\/p>\n<p><span style=\"text-decoration: underline;\">M\u00e1s informaci\u00f3n<\/span><\/p>\n<p>Si tiene alguna otra pregunta acerca de los datos que recopila Star Micronics o de c\u00f3mo los utilizamos, no dude en ponerse en contacto con nosotros en Star Micronics EMEA, Star House, Peregrine Business Park, Gomm Road, High Wycombe, Buckinghamshire HP13 7DL, Reino Unido o en <a href=\"mailto:Sales@Star-EMEA.com\">Sales@Star-EMEA.com<\/a><\/p>\n<p>&nbsp;<\/p>\n<p>[\/et_pb_text][\/et_pb_column][\/et_pb_row][\/et_pb_section]<\/p>\n","protected":false},"excerpt":{"rendered":"<p>[et_pb_section admin_label=\u00bbsection\u00bb][et_pb_row admin_label=\u00bbrow\u00bb][et_pb_column type=\u00bb4_4&#8243;][et_pb_text admin_label=\u00bbText\u00bb background_layout=\u00bblight\u00bb text_orientation=\u00bbleft\u00bb use_border_color=\u00bboff\u00bb border_color=\u00bb#ffffff\u00bb border_style=\u00bbsolid\u00bb] &nbsp; Pol\u00edtica de privacidad de Star Micronics EMEA \u00daltima actualizaci\u00f3n: abril de 2018 Qui\u00e9nes somos En la presente pol\u00edtica de privacidad, las referencias a la primera persona del plural se refieren a Star Micronics EMEA (Star Micronics Europe Ltd). \u201cNuestros sitios web\u201d o \u201clos sitios [&hellip;]<\/p>\n","protected":false},"author":2,"featured_media":0,"parent":0,"menu_order":84,"comment_status":"closed","ping_status":"closed","template":"","meta":{"_acf_changed":false,"footnotes":""},"class_list":["post-12539","page","type-page","status-publish","hentry"],"acf":[],"yoast_head":"<!-- This site is optimized with the Yoast SEO plugin v26.4 - https:\/\/yoast.com\/wordpress\/plugins\/seo\/ -->\n<title>Privacy Policy - Star EMEA<\/title>\n<meta name=\"robots\" content=\"index, follow, max-snippet:-1, max-image-preview:large, max-video-preview:-1\" \/>\n<meta property=\"og:locale\" content=\"es_ES\" \/>\n<meta property=\"og:type\" content=\"article\" \/>\n<meta property=\"og:title\" content=\"Privacy Policy - Star EMEA\" \/>\n<meta property=\"og:description\" content=\"[et_pb_section admin_label=\u00bbsection\u00bb][et_pb_row admin_label=\u00bbrow\u00bb][et_pb_column type=\u00bb4_4&#8243;][et_pb_text admin_label=\u00bbText\u00bb background_layout=\u00bblight\u00bb text_orientation=\u00bbleft\u00bb use_border_color=\u00bboff\u00bb border_color=\u00bb#ffffff\u00bb border_style=\u00bbsolid\u00bb] &nbsp; Pol\u00edtica de privacidad de Star Micronics EMEA \u00daltima actualizaci\u00f3n: abril de 2018 Qui\u00e9nes somos En la presente pol\u00edtica de privacidad, las referencias a la primera persona del plural se refieren a Star Micronics EMEA (Star Micronics Europe Ltd). \u201cNuestros sitios web\u201d o \u201clos sitios [&hellip;]\" \/>\n<meta property=\"og:url\" content=\"https:\/\/star-emea.com\/es\/privacy-policy\/\" \/>\n<meta property=\"og:site_name\" content=\"Star EMEA\" \/>\n<meta property=\"article:publisher\" content=\"https:\/\/www.facebook.com\/StarMicronicsEMEA\" \/>\n<meta name=\"twitter:label1\" content=\"Tiempo de lectura\" \/>\n\t<meta name=\"twitter:data1\" content=\"9 minutos\" \/>\n<script type=\"application\/ld+json\" class=\"yoast-schema-graph\">{\"@context\":\"https:\/\/schema.org\",\"@graph\":[{\"@type\":\"WebPage\",\"@id\":\"https:\/\/star-emea.com\/es\/privacy-policy\/\",\"url\":\"https:\/\/star-emea.com\/es\/privacy-policy\/\",\"name\":\"Privacy Policy - Star EMEA\",\"isPartOf\":{\"@id\":\"https:\/\/star-emea.com\/#website\"},\"datePublished\":\"2018-05-23T12:01:46+00:00\",\"breadcrumb\":{\"@id\":\"https:\/\/star-emea.com\/es\/privacy-policy\/#breadcrumb\"},\"inLanguage\":\"es\",\"potentialAction\":[{\"@type\":\"ReadAction\",\"target\":[\"https:\/\/star-emea.com\/es\/privacy-policy\/\"]}]},{\"@type\":\"BreadcrumbList\",\"@id\":\"https:\/\/star-emea.com\/es\/privacy-policy\/#breadcrumb\",\"itemListElement\":[{\"@type\":\"ListItem\",\"position\":1,\"name\":\"Home\",\"item\":\"https:\/\/star-emea.com\/es\/\"},{\"@type\":\"ListItem\",\"position\":2,\"name\":\"Privacy Policy\"}]},{\"@type\":\"WebSite\",\"@id\":\"https:\/\/star-emea.com\/#website\",\"url\":\"https:\/\/star-emea.com\/\",\"name\":\"Star EMEA\",\"description\":\"\",\"publisher\":{\"@id\":\"https:\/\/star-emea.com\/#organization\"},\"potentialAction\":[{\"@type\":\"SearchAction\",\"target\":{\"@type\":\"EntryPoint\",\"urlTemplate\":\"https:\/\/star-emea.com\/?s={search_term_string}\"},\"query-input\":{\"@type\":\"PropertyValueSpecification\",\"valueRequired\":true,\"valueName\":\"search_term_string\"}}],\"inLanguage\":\"es\"},{\"@type\":\"Organization\",\"@id\":\"https:\/\/star-emea.com\/#organization\",\"name\":\"Star EMEA\",\"url\":\"https:\/\/star-emea.com\/\",\"logo\":{\"@type\":\"ImageObject\",\"inLanguage\":\"es\",\"@id\":\"https:\/\/star-emea.com\/#\/schema\/logo\/image\/\",\"url\":\"https:\/\/star-emea.com\/wp-content\/uploads\/2022\/05\/Star-blue-logo-.png\",\"contentUrl\":\"https:\/\/star-emea.com\/wp-content\/uploads\/2022\/05\/Star-blue-logo-.png\",\"width\":147,\"height\":53,\"caption\":\"Star EMEA\"},\"image\":{\"@id\":\"https:\/\/star-emea.com\/#\/schema\/logo\/image\/\"},\"sameAs\":[\"https:\/\/www.facebook.com\/StarMicronicsEMEA\"]}]}<\/script>\n<!-- \/ Yoast SEO plugin. -->","yoast_head_json":{"title":"Privacy Policy - Star EMEA","robots":{"index":"index","follow":"follow","max-snippet":"max-snippet:-1","max-image-preview":"max-image-preview:large","max-video-preview":"max-video-preview:-1"},"og_locale":"es_ES","og_type":"article","og_title":"Privacy Policy - Star EMEA","og_description":"[et_pb_section admin_label=\u00bbsection\u00bb][et_pb_row admin_label=\u00bbrow\u00bb][et_pb_column type=\u00bb4_4&#8243;][et_pb_text admin_label=\u00bbText\u00bb background_layout=\u00bblight\u00bb text_orientation=\u00bbleft\u00bb use_border_color=\u00bboff\u00bb border_color=\u00bb#ffffff\u00bb border_style=\u00bbsolid\u00bb] &nbsp; Pol\u00edtica de privacidad de Star Micronics EMEA \u00daltima actualizaci\u00f3n: abril de 2018 Qui\u00e9nes somos En la presente pol\u00edtica de privacidad, las referencias a la primera persona del plural se refieren a Star Micronics EMEA (Star Micronics Europe Ltd). \u201cNuestros sitios web\u201d o \u201clos sitios [&hellip;]","og_url":"https:\/\/star-emea.com\/es\/privacy-policy\/","og_site_name":"Star EMEA","article_publisher":"https:\/\/www.facebook.com\/StarMicronicsEMEA","twitter_misc":{"Tiempo de lectura":"9 minutos"},"schema":{"@context":"https:\/\/schema.org","@graph":[{"@type":"WebPage","@id":"https:\/\/star-emea.com\/es\/privacy-policy\/","url":"https:\/\/star-emea.com\/es\/privacy-policy\/","name":"Privacy Policy - Star EMEA","isPartOf":{"@id":"https:\/\/star-emea.com\/#website"},"datePublished":"2018-05-23T12:01:46+00:00","breadcrumb":{"@id":"https:\/\/star-emea.com\/es\/privacy-policy\/#breadcrumb"},"inLanguage":"es","potentialAction":[{"@type":"ReadAction","target":["https:\/\/star-emea.com\/es\/privacy-policy\/"]}]},{"@type":"BreadcrumbList","@id":"https:\/\/star-emea.com\/es\/privacy-policy\/#breadcrumb","itemListElement":[{"@type":"ListItem","position":1,"name":"Home","item":"https:\/\/star-emea.com\/es\/"},{"@type":"ListItem","position":2,"name":"Privacy Policy"}]},{"@type":"WebSite","@id":"https:\/\/star-emea.com\/#website","url":"https:\/\/star-emea.com\/","name":"Star EMEA","description":"","publisher":{"@id":"https:\/\/star-emea.com\/#organization"},"potentialAction":[{"@type":"SearchAction","target":{"@type":"EntryPoint","urlTemplate":"https:\/\/star-emea.com\/?s={search_term_string}"},"query-input":{"@type":"PropertyValueSpecification","valueRequired":true,"valueName":"search_term_string"}}],"inLanguage":"es"},{"@type":"Organization","@id":"https:\/\/star-emea.com\/#organization","name":"Star EMEA","url":"https:\/\/star-emea.com\/","logo":{"@type":"ImageObject","inLanguage":"es","@id":"https:\/\/star-emea.com\/#\/schema\/logo\/image\/","url":"https:\/\/star-emea.com\/wp-content\/uploads\/2022\/05\/Star-blue-logo-.png","contentUrl":"https:\/\/star-emea.com\/wp-content\/uploads\/2022\/05\/Star-blue-logo-.png","width":147,"height":53,"caption":"Star EMEA"},"image":{"@id":"https:\/\/star-emea.com\/#\/schema\/logo\/image\/"},"sameAs":["https:\/\/www.facebook.com\/StarMicronicsEMEA"]}]}},"_links":{"self":[{"href":"https:\/\/star-emea.com\/es\/wp-json\/wp\/v2\/pages\/12539","targetHints":{"allow":["GET"]}}],"collection":[{"href":"https:\/\/star-emea.com\/es\/wp-json\/wp\/v2\/pages"}],"about":[{"href":"https:\/\/star-emea.com\/es\/wp-json\/wp\/v2\/types\/page"}],"author":[{"embeddable":true,"href":"https:\/\/star-emea.com\/es\/wp-json\/wp\/v2\/users\/2"}],"replies":[{"embeddable":true,"href":"https:\/\/star-emea.com\/es\/wp-json\/wp\/v2\/comments?post=12539"}],"version-history":[{"count":0,"href":"https:\/\/star-emea.com\/es\/wp-json\/wp\/v2\/pages\/12539\/revisions"}],"wp:attachment":[{"href":"https:\/\/star-emea.com\/es\/wp-json\/wp\/v2\/media?parent=12539"}],"curies":[{"name":"wp","href":"https:\/\/api.w.org\/{rel}","templated":true}]}}