{"id":2006,"date":"2015-02-04T09:07:41","date_gmt":"2015-02-04T09:07:41","guid":{"rendered":"https:\/\/star-emea.com\/?page_id=2006"},"modified":"2017-04-18T16:26:22","modified_gmt":"2017-04-18T15:26:22","slug":"hospitality","status":"publish","type":"page","link":"https:\/\/star-emea.com\/es\/hospitality\/","title":{"rendered":"Hosteler\u00eda"},"content":{"rendered":"<p>[et_pb_section admin_label=\u00bbsection\u00bb fullwidth=\u00bbon\u00bb specialty=\u00bboff\u00bb background_image=\u00bbhttps:\/\/star-emea.com\/wp-content\/uploads\/2015\/02\/hospitality3.jpg\u00bb transparent_background=\u00bboff\u00bb background_color=\u00bb#ffffff\u00bb inner_shadow=\u00bboff\u00bb parallax=\u00bboff\u00bb parallax_method=\u00bboff\u00bb module_class=\u00bbproductTitle\u00bb allow_player_pause=\u00bboff\u00bb padding_mobile=\u00bboff\u00bb make_fullwidth=\u00bboff\u00bb use_custom_width=\u00bboff\u00bb width_unit=\u00bbon\u00bb make_equal=\u00bboff\u00bb use_custom_gutter=\u00bboff\u00bb][et_pb_fullwidth_header admin_label=\u00bbFullwidth Header\u00bb title=\u00bbHosteler\u00eda\u00bb background_layout=\u00bbdark\u00bb text_orientation=\u00bbleft\u00bb header_fullscreen=\u00bboff\u00bb header_scroll_down=\u00bboff\u00bb parallax=\u00bboff\u00bb parallax_method=\u00bboff\u00bb content_orientation=\u00bbcenter\u00bb image_orientation=\u00bbcenter\u00bb custom_button_one=\u00bboff\u00bb button_one_letter_spacing=\u00bb0&#8243; button_one_use_icon=\u00bbdefault\u00bb button_one_icon_placement=\u00bbright\u00bb button_one_on_hover=\u00bbon\u00bb button_one_letter_spacing_hover=\u00bb0&#8243; custom_button_two=\u00bboff\u00bb button_two_letter_spacing=\u00bb0&#8243; button_two_use_icon=\u00bbdefault\u00bb button_two_icon_placement=\u00bbright\u00bb button_two_on_hover=\u00bbon\u00bb button_two_letter_spacing_hover=\u00bb0&#8243;] [\/et_pb_fullwidth_header][\/et_pb_section][et_pb_section admin_label=\u00bbsection\u00bb fullwidth=\u00bboff\u00bb specialty=\u00bboff\u00bb transparent_background=\u00bboff\u00bb background_color=\u00bb#ffffff\u00bb inner_shadow=\u00bboff\u00bb parallax=\u00bboff\u00bb parallax_method=\u00bboff\u00bb module_class=\u00bbpaddingnone\u00bb][et_pb_row admin_label=\u00bbrow\u00bb][et_pb_column type=\u00bb4_4&#8243;][et_pb_text admin_label=\u00bbText\u00bb background_layout=\u00bblight\u00bb text_orientation=\u00bbleft\u00bb] [products-dropdown] [\/et_pb_text][\/et_pb_column][\/et_pb_row][\/et_pb_section][et_pb_section admin_label=\u00bbsection\u00bb transparent_background=\u00bboff\u00bb background_color=\u00bb#fffcfc\u00bb inner_shadow=\u00bboff\u00bb parallax=\u00bboff\u00bb parallax_method=\u00bboff\u00bb][et_pb_row admin_label=\u00bbrow\u00bb][et_pb_column type=\u00bb4_4&#8243;][et_pb_text admin_label=\u00bbText\u00bb background_layout=\u00bblight\u00bb text_orientation=\u00bbleft\u00bb]<\/p>\n<p>La ingenier\u00eda y el dise\u00f1o duradero de Star le proporcionar\u00e1n el servicio fiable y sin interrupciones que usted necesita con independencia de lo exigente que sea el entorno.<br \/>\nTanto si se trata de una cadena de hoteles como de un establecimiento independiente de comida r\u00e1pida, la experiencia de Star en el sector de la hosteler\u00eda ha dado como resultado una serie de prestaciones dedicadas especialmente dise\u00f1adas para atender las necesidades de todo tipo de entornos: Dise\u00f1os de impresora funcionales e higi\u00e9nicos, cubiertas a prueba de salpicaduras y alertas mediante timbre para impresoras de cocina y bar, herramientas que permiten mejorar la imagen de marca mediante logotipos en color y cupones para recibos al cliente, as\u00ed como instalaci\u00f3n sencilla en red para configuraci\u00f3n de m\u00faltiples impresoras.<br \/>\nNuestra compatibilidad con m\u00faltiples plataformas y nuestros SDK, l\u00edderes del sector, permiten una integraci\u00f3n sencilla de los productos Star con todas las plataformas de software m\u00e1s importantes, as\u00ed como con aplicaciones Android\u2122, iOS\u2122, Linux\u2122 y Windows\u2122 personalizadas.<br \/>\n. [display-posts include_excerpt=\u00bbtrue\u00bb image_size=\u00bbproduct_images\u00bb post_type=\u00bbproducts\u00bb category=\u00bbhospitality\u00bb posts_per_page=\u00bb999&#8243;] [\/et_pb_text][\/et_pb_column][\/et_pb_row][\/et_pb_section]<\/p>\n","protected":false},"excerpt":{"rendered":"<p>[et_pb_section admin_label=\u00bbsection\u00bb fullwidth=\u00bbon\u00bb specialty=\u00bboff\u00bb background_image=\u00bbhttps:\/\/star-emea.com\/wp-content\/uploads\/2015\/02\/hospitality3.jpg\u00bb transparent_background=\u00bboff\u00bb background_color=\u00bb#ffffff\u00bb inner_shadow=\u00bboff\u00bb parallax=\u00bboff\u00bb parallax_method=\u00bboff\u00bb module_class=\u00bbproductTitle\u00bb allow_player_pause=\u00bboff\u00bb padding_mobile=\u00bboff\u00bb make_fullwidth=\u00bboff\u00bb use_custom_width=\u00bboff\u00bb width_unit=\u00bbon\u00bb make_equal=\u00bboff\u00bb use_custom_gutter=\u00bboff\u00bb][et_pb_fullwidth_header admin_label=\u00bbFullwidth Header\u00bb title=\u00bbHosteler\u00eda\u00bb background_layout=\u00bbdark\u00bb text_orientation=\u00bbleft\u00bb header_fullscreen=\u00bboff\u00bb header_scroll_down=\u00bboff\u00bb parallax=\u00bboff\u00bb parallax_method=\u00bboff\u00bb content_orientation=\u00bbcenter\u00bb image_orientation=\u00bbcenter\u00bb custom_button_one=\u00bboff\u00bb button_one_letter_spacing=\u00bb0&#8243; button_one_use_icon=\u00bbdefault\u00bb button_one_icon_placement=\u00bbright\u00bb button_one_on_hover=\u00bbon\u00bb button_one_letter_spacing_hover=\u00bb0&#8243; custom_button_two=\u00bboff\u00bb button_two_letter_spacing=\u00bb0&#8243; button_two_use_icon=\u00bbdefault\u00bb button_two_icon_placement=\u00bbright\u00bb button_two_on_hover=\u00bbon\u00bb button_two_letter_spacing_hover=\u00bb0&#8243;] [\/et_pb_fullwidth_header][\/et_pb_section][et_pb_section admin_label=\u00bbsection\u00bb fullwidth=\u00bboff\u00bb specialty=\u00bboff\u00bb transparent_background=\u00bboff\u00bb background_color=\u00bb#ffffff\u00bb inner_shadow=\u00bboff\u00bb parallax=\u00bboff\u00bb parallax_method=\u00bboff\u00bb module_class=\u00bbpaddingnone\u00bb][et_pb_row admin_label=\u00bbrow\u00bb][et_pb_column type=\u00bb4_4&#8243;][et_pb_text admin_label=\u00bbText\u00bb background_layout=\u00bblight\u00bb [&hellip;]<\/p>\n","protected":false},"author":1,"featured_media":0,"parent":0,"menu_order":141,"comment_status":"closed","ping_status":"closed","template":"","meta":{"_acf_changed":false,"footnotes":""},"class_list":["post-2006","page","type-page","status-publish","hentry"],"acf":[],"yoast_head":"<!-- This site is optimized with the Yoast SEO plugin v26.4 - https:\/\/yoast.com\/wordpress\/plugins\/seo\/ -->\n<title>Hosteler\u00eda - Star EMEA<\/title>\n<meta name=\"robots\" content=\"index, follow, max-snippet:-1, max-image-preview:large, max-video-preview:-1\" \/>\n<meta property=\"og:locale\" content=\"es_ES\" \/>\n<meta property=\"og:type\" content=\"article\" \/>\n<meta property=\"og:title\" content=\"Hosteler\u00eda - Star EMEA\" \/>\n<meta property=\"og:description\" content=\"[et_pb_section admin_label=\u00bbsection\u00bb fullwidth=\u00bbon\u00bb specialty=\u00bboff\u00bb background_image=\u00bbhttps:\/\/star-emea.com\/wp-content\/uploads\/2015\/02\/hospitality3.jpg\u00bb transparent_background=\u00bboff\u00bb background_color=\u00bb#ffffff\u00bb inner_shadow=\u00bboff\u00bb parallax=\u00bboff\u00bb parallax_method=\u00bboff\u00bb module_class=\u00bbproductTitle\u00bb allow_player_pause=\u00bboff\u00bb padding_mobile=\u00bboff\u00bb make_fullwidth=\u00bboff\u00bb use_custom_width=\u00bboff\u00bb width_unit=\u00bbon\u00bb make_equal=\u00bboff\u00bb use_custom_gutter=\u00bboff\u00bb][et_pb_fullwidth_header admin_label=\u00bbFullwidth Header\u00bb title=\u00bbHosteler\u00eda\u00bb background_layout=\u00bbdark\u00bb text_orientation=\u00bbleft\u00bb header_fullscreen=\u00bboff\u00bb header_scroll_down=\u00bboff\u00bb parallax=\u00bboff\u00bb parallax_method=\u00bboff\u00bb content_orientation=\u00bbcenter\u00bb image_orientation=\u00bbcenter\u00bb custom_button_one=\u00bboff\u00bb button_one_letter_spacing=\u00bb0&#8243; button_one_use_icon=\u00bbdefault\u00bb button_one_icon_placement=\u00bbright\u00bb button_one_on_hover=\u00bbon\u00bb button_one_letter_spacing_hover=\u00bb0&#8243; custom_button_two=\u00bboff\u00bb button_two_letter_spacing=\u00bb0&#8243; button_two_use_icon=\u00bbdefault\u00bb button_two_icon_placement=\u00bbright\u00bb button_two_on_hover=\u00bbon\u00bb button_two_letter_spacing_hover=\u00bb0&#8243;] [\/et_pb_fullwidth_header][\/et_pb_section][et_pb_section admin_label=\u00bbsection\u00bb fullwidth=\u00bboff\u00bb specialty=\u00bboff\u00bb transparent_background=\u00bboff\u00bb background_color=\u00bb#ffffff\u00bb inner_shadow=\u00bboff\u00bb parallax=\u00bboff\u00bb parallax_method=\u00bboff\u00bb module_class=\u00bbpaddingnone\u00bb][et_pb_row admin_label=\u00bbrow\u00bb][et_pb_column type=\u00bb4_4&#8243;][et_pb_text admin_label=\u00bbText\u00bb background_layout=\u00bblight\u00bb [&hellip;]\" \/>\n<meta property=\"og:url\" content=\"https:\/\/star-emea.com\/es\/hospitality\/\" \/>\n<meta property=\"og:site_name\" content=\"Star EMEA\" \/>\n<meta property=\"article:publisher\" content=\"https:\/\/www.facebook.com\/StarMicronicsEMEA\" \/>\n<meta property=\"article:modified_time\" content=\"2017-04-18T15:26:22+00:00\" \/>\n<meta name=\"twitter:label1\" content=\"Tiempo de lectura\" \/>\n\t<meta name=\"twitter:data1\" content=\"2 minutos\" \/>\n<script type=\"application\/ld+json\" class=\"yoast-schema-graph\">{\"@context\":\"https:\/\/schema.org\",\"@graph\":[{\"@type\":\"WebPage\",\"@id\":\"https:\/\/star-emea.com\/es\/hospitality\/\",\"url\":\"https:\/\/star-emea.com\/es\/hospitality\/\",\"name\":\"Hosteler\u00eda - Star EMEA\",\"isPartOf\":{\"@id\":\"https:\/\/star-emea.com\/#website\"},\"datePublished\":\"2015-02-04T09:07:41+00:00\",\"dateModified\":\"2017-04-18T15:26:22+00:00\",\"breadcrumb\":{\"@id\":\"https:\/\/star-emea.com\/es\/hospitality\/#breadcrumb\"},\"inLanguage\":\"es\",\"potentialAction\":[{\"@type\":\"ReadAction\",\"target\":[\"https:\/\/star-emea.com\/es\/hospitality\/\"]}]},{\"@type\":\"BreadcrumbList\",\"@id\":\"https:\/\/star-emea.com\/es\/hospitality\/#breadcrumb\",\"itemListElement\":[{\"@type\":\"ListItem\",\"position\":1,\"name\":\"Home\",\"item\":\"https:\/\/star-emea.com\/es\/\"},{\"@type\":\"ListItem\",\"position\":2,\"name\":\"Hosteler\u00eda\"}]},{\"@type\":\"WebSite\",\"@id\":\"https:\/\/star-emea.com\/#website\",\"url\":\"https:\/\/star-emea.com\/\",\"name\":\"Star EMEA\",\"description\":\"\",\"publisher\":{\"@id\":\"https:\/\/star-emea.com\/#organization\"},\"potentialAction\":[{\"@type\":\"SearchAction\",\"target\":{\"@type\":\"EntryPoint\",\"urlTemplate\":\"https:\/\/star-emea.com\/?s={search_term_string}\"},\"query-input\":{\"@type\":\"PropertyValueSpecification\",\"valueRequired\":true,\"valueName\":\"search_term_string\"}}],\"inLanguage\":\"es\"},{\"@type\":\"Organization\",\"@id\":\"https:\/\/star-emea.com\/#organization\",\"name\":\"Star EMEA\",\"url\":\"https:\/\/star-emea.com\/\",\"logo\":{\"@type\":\"ImageObject\",\"inLanguage\":\"es\",\"@id\":\"https:\/\/star-emea.com\/#\/schema\/logo\/image\/\",\"url\":\"https:\/\/star-emea.com\/wp-content\/uploads\/2022\/05\/Star-blue-logo-.png\",\"contentUrl\":\"https:\/\/star-emea.com\/wp-content\/uploads\/2022\/05\/Star-blue-logo-.png\",\"width\":147,\"height\":53,\"caption\":\"Star EMEA\"},\"image\":{\"@id\":\"https:\/\/star-emea.com\/#\/schema\/logo\/image\/\"},\"sameAs\":[\"https:\/\/www.facebook.com\/StarMicronicsEMEA\"]}]}<\/script>\n<!-- \/ Yoast SEO plugin. -->","yoast_head_json":{"title":"Hosteler\u00eda - Star EMEA","robots":{"index":"index","follow":"follow","max-snippet":"max-snippet:-1","max-image-preview":"max-image-preview:large","max-video-preview":"max-video-preview:-1"},"og_locale":"es_ES","og_type":"article","og_title":"Hosteler\u00eda - Star EMEA","og_description":"[et_pb_section admin_label=\u00bbsection\u00bb fullwidth=\u00bbon\u00bb specialty=\u00bboff\u00bb background_image=\u00bbhttps:\/\/star-emea.com\/wp-content\/uploads\/2015\/02\/hospitality3.jpg\u00bb transparent_background=\u00bboff\u00bb background_color=\u00bb#ffffff\u00bb inner_shadow=\u00bboff\u00bb parallax=\u00bboff\u00bb parallax_method=\u00bboff\u00bb module_class=\u00bbproductTitle\u00bb allow_player_pause=\u00bboff\u00bb padding_mobile=\u00bboff\u00bb make_fullwidth=\u00bboff\u00bb use_custom_width=\u00bboff\u00bb width_unit=\u00bbon\u00bb make_equal=\u00bboff\u00bb use_custom_gutter=\u00bboff\u00bb][et_pb_fullwidth_header admin_label=\u00bbFullwidth Header\u00bb title=\u00bbHosteler\u00eda\u00bb background_layout=\u00bbdark\u00bb text_orientation=\u00bbleft\u00bb header_fullscreen=\u00bboff\u00bb header_scroll_down=\u00bboff\u00bb parallax=\u00bboff\u00bb parallax_method=\u00bboff\u00bb content_orientation=\u00bbcenter\u00bb image_orientation=\u00bbcenter\u00bb custom_button_one=\u00bboff\u00bb button_one_letter_spacing=\u00bb0&#8243; button_one_use_icon=\u00bbdefault\u00bb button_one_icon_placement=\u00bbright\u00bb button_one_on_hover=\u00bbon\u00bb button_one_letter_spacing_hover=\u00bb0&#8243; custom_button_two=\u00bboff\u00bb button_two_letter_spacing=\u00bb0&#8243; button_two_use_icon=\u00bbdefault\u00bb button_two_icon_placement=\u00bbright\u00bb button_two_on_hover=\u00bbon\u00bb button_two_letter_spacing_hover=\u00bb0&#8243;] [\/et_pb_fullwidth_header][\/et_pb_section][et_pb_section admin_label=\u00bbsection\u00bb fullwidth=\u00bboff\u00bb specialty=\u00bboff\u00bb transparent_background=\u00bboff\u00bb background_color=\u00bb#ffffff\u00bb inner_shadow=\u00bboff\u00bb parallax=\u00bboff\u00bb parallax_method=\u00bboff\u00bb module_class=\u00bbpaddingnone\u00bb][et_pb_row admin_label=\u00bbrow\u00bb][et_pb_column type=\u00bb4_4&#8243;][et_pb_text admin_label=\u00bbText\u00bb background_layout=\u00bblight\u00bb [&hellip;]","og_url":"https:\/\/star-emea.com\/es\/hospitality\/","og_site_name":"Star EMEA","article_publisher":"https:\/\/www.facebook.com\/StarMicronicsEMEA","article_modified_time":"2017-04-18T15:26:22+00:00","twitter_misc":{"Tiempo de lectura":"2 minutos"},"schema":{"@context":"https:\/\/schema.org","@graph":[{"@type":"WebPage","@id":"https:\/\/star-emea.com\/es\/hospitality\/","url":"https:\/\/star-emea.com\/es\/hospitality\/","name":"Hosteler\u00eda - Star EMEA","isPartOf":{"@id":"https:\/\/star-emea.com\/#website"},"datePublished":"2015-02-04T09:07:41+00:00","dateModified":"2017-04-18T15:26:22+00:00","breadcrumb":{"@id":"https:\/\/star-emea.com\/es\/hospitality\/#breadcrumb"},"inLanguage":"es","potentialAction":[{"@type":"ReadAction","target":["https:\/\/star-emea.com\/es\/hospitality\/"]}]},{"@type":"BreadcrumbList","@id":"https:\/\/star-emea.com\/es\/hospitality\/#breadcrumb","itemListElement":[{"@type":"ListItem","position":1,"name":"Home","item":"https:\/\/star-emea.com\/es\/"},{"@type":"ListItem","position":2,"name":"Hosteler\u00eda"}]},{"@type":"WebSite","@id":"https:\/\/star-emea.com\/#website","url":"https:\/\/star-emea.com\/","name":"Star EMEA","description":"","publisher":{"@id":"https:\/\/star-emea.com\/#organization"},"potentialAction":[{"@type":"SearchAction","target":{"@type":"EntryPoint","urlTemplate":"https:\/\/star-emea.com\/?s={search_term_string}"},"query-input":{"@type":"PropertyValueSpecification","valueRequired":true,"valueName":"search_term_string"}}],"inLanguage":"es"},{"@type":"Organization","@id":"https:\/\/star-emea.com\/#organization","name":"Star EMEA","url":"https:\/\/star-emea.com\/","logo":{"@type":"ImageObject","inLanguage":"es","@id":"https:\/\/star-emea.com\/#\/schema\/logo\/image\/","url":"https:\/\/star-emea.com\/wp-content\/uploads\/2022\/05\/Star-blue-logo-.png","contentUrl":"https:\/\/star-emea.com\/wp-content\/uploads\/2022\/05\/Star-blue-logo-.png","width":147,"height":53,"caption":"Star EMEA"},"image":{"@id":"https:\/\/star-emea.com\/#\/schema\/logo\/image\/"},"sameAs":["https:\/\/www.facebook.com\/StarMicronicsEMEA"]}]}},"_links":{"self":[{"href":"https:\/\/star-emea.com\/es\/wp-json\/wp\/v2\/pages\/2006","targetHints":{"allow":["GET"]}}],"collection":[{"href":"https:\/\/star-emea.com\/es\/wp-json\/wp\/v2\/pages"}],"about":[{"href":"https:\/\/star-emea.com\/es\/wp-json\/wp\/v2\/types\/page"}],"author":[{"embeddable":true,"href":"https:\/\/star-emea.com\/es\/wp-json\/wp\/v2\/users\/1"}],"replies":[{"embeddable":true,"href":"https:\/\/star-emea.com\/es\/wp-json\/wp\/v2\/comments?post=2006"}],"version-history":[{"count":0,"href":"https:\/\/star-emea.com\/es\/wp-json\/wp\/v2\/pages\/2006\/revisions"}],"wp:attachment":[{"href":"https:\/\/star-emea.com\/es\/wp-json\/wp\/v2\/media?parent=2006"}],"curies":[{"name":"wp","href":"https:\/\/api.w.org\/{rel}","templated":true}]}}