{"id":29886,"date":"2022-05-12T12:18:38","date_gmt":"2022-05-12T11:18:38","guid":{"rendered":"https:\/\/star-emea.com\/services\/"},"modified":"2025-08-28T16:01:48","modified_gmt":"2025-08-28T15:01:48","slug":"services","status":"publish","type":"page","link":"https:\/\/star-emea.com\/es\/services\/","title":{"rendered":"Servicios"},"content":{"rendered":"\t\t<div data-elementor-type=\"wp-page\" data-elementor-id=\"29886\" class=\"elementor elementor-29886 elementor-25113\" data-elementor-post-type=\"page\">\n\t\t\t\t<div class=\"elementor-element elementor-element-2f3bd42 newthinbanner e-flex e-con-boxed e-con e-parent\" data-id=\"2f3bd42\" data-element_type=\"container\" data-e-type=\"container\" data-settings=\"{&quot;background_background&quot;:&quot;classic&quot;,&quot;ekit_has_onepagescroll_dot&quot;:&quot;yes&quot;}\">\n\t\t\t\t\t<div class=\"e-con-inner\">\n\t\t<div class=\"elementor-element elementor-element-82cb112 e-con-full e-flex e-con e-child\" data-id=\"82cb112\" data-element_type=\"container\" data-e-type=\"container\" data-settings=\"{&quot;ekit_has_onepagescroll_dot&quot;:&quot;yes&quot;}\">\n\t\t\t\t<div class=\"elementor-element elementor-element-ac28f80 elementor-widget elementor-widget-heading\" data-id=\"ac28f80\" data-element_type=\"widget\" data-e-type=\"widget\" data-settings=\"{&quot;ekit_we_effect_on&quot;:&quot;none&quot;}\" data-widget_type=\"heading.default\">\n\t\t\t\t<div class=\"elementor-widget-container\">\n\t\t\t\t\t<h1 class=\"elementor-heading-title elementor-size-default\">Servicios<\/h1>\t\t\t\t<\/div>\n\t\t\t\t<\/div>\n\t\t\t\t<\/div>\n\t\t<div class=\"elementor-element elementor-element-3e69fa7 e-con-full elementor-hidden-mobile e-flex e-con e-child\" data-id=\"3e69fa7\" data-element_type=\"container\" data-e-type=\"container\" data-settings=\"{&quot;ekit_has_onepagescroll_dot&quot;:&quot;yes&quot;}\">\n\t\t\t\t<\/div>\n\t\t\t\t\t<\/div>\n\t\t\t\t<\/div>\n\t\t\t\t<section class=\"elementor-section elementor-top-section elementor-element elementor-element-f87eded elementor-section-boxed elementor-section-height-default elementor-section-height-default\" data-id=\"f87eded\" data-element_type=\"section\" data-e-type=\"section\" data-settings=\"{&quot;ekit_has_onepagescroll_dot&quot;:&quot;yes&quot;}\">\n\t\t\t\t\t\t<div class=\"elementor-container elementor-column-gap-default\">\n\t\t\t\t\t<div class=\"elementor-column elementor-col-100 elementor-top-column elementor-element elementor-element-550d1ec\" data-id=\"550d1ec\" data-element_type=\"column\" data-e-type=\"column\">\n\t\t\t<div class=\"elementor-widget-wrap elementor-element-populated\">\n\t\t\t\t\t\t<section class=\"elementor-section elementor-inner-section elementor-element elementor-element-16ba637 elementor-section-boxed elementor-section-height-default elementor-section-height-default\" data-id=\"16ba637\" data-element_type=\"section\" data-e-type=\"section\" data-settings=\"{&quot;ekit_has_onepagescroll_dot&quot;:&quot;yes&quot;}\">\n\t\t\t\t\t\t<div class=\"elementor-container elementor-column-gap-default\">\n\t\t\t\t\t<div class=\"elementor-column elementor-col-33 elementor-inner-column elementor-element elementor-element-ec0f3b5\" data-id=\"ec0f3b5\" data-element_type=\"column\" data-e-type=\"column\">\n\t\t\t<div class=\"elementor-widget-wrap elementor-element-populated\">\n\t\t\t\t\t\t<div class=\"elementor-element elementor-element-e243cd5 elementor-widget elementor-widget-image\" data-id=\"e243cd5\" data-element_type=\"widget\" data-e-type=\"widget\" data-settings=\"{&quot;ekit_we_effect_on&quot;:&quot;none&quot;}\" data-widget_type=\"image.default\">\n\t\t\t\t<div class=\"elementor-widget-container\">\n\t\t\t\t\t\t\t\t\t\t\t\t\t\t\t\t<a href=\"https:\/\/starprinter.online\/\" target=\"_blank\">\n\t\t\t\t\t\t\t<img fetchpriority=\"high\" decoding=\"async\" width=\"800\" height=\"954\" src=\"https:\/\/star-emea.com\/wp-content\/uploads\/2022\/07\/hkhgkgh-1288x1536-1-859x1024.jpg\" class=\"attachment-large size-large wp-image-25562\" alt=\"\" srcset=\"https:\/\/star-emea.com\/wp-content\/uploads\/2022\/07\/hkhgkgh-1288x1536-1-859x1024.jpg 859w, https:\/\/star-emea.com\/wp-content\/uploads\/2022\/07\/hkhgkgh-1288x1536-1-252x300.jpg 252w, https:\/\/star-emea.com\/wp-content\/uploads\/2022\/07\/hkhgkgh-1288x1536-1-768x916.jpg 768w, https:\/\/star-emea.com\/wp-content\/uploads\/2022\/07\/hkhgkgh-1288x1536-1.jpg 1288w\" sizes=\"(max-width: 800px) 100vw, 800px\" \/>\t\t\t\t\t\t\t\t<\/a>\n\t\t\t\t\t\t\t\t\t\t\t\t\t\t\t<\/div>\n\t\t\t\t<\/div>\n\t\t\t\t<div class=\"elementor-element elementor-element-be2a028 elementor-widget elementor-widget-image-box\" data-id=\"be2a028\" data-element_type=\"widget\" data-e-type=\"widget\" data-settings=\"{&quot;ekit_we_effect_on&quot;:&quot;none&quot;}\" data-widget_type=\"image-box.default\">\n\t\t\t\t<div class=\"elementor-widget-container\">\n\t\t\t\t\t<div class=\"elementor-image-box-wrapper\"><div class=\"elementor-image-box-content\"><h3 class=\"elementor-image-box-title\"><a href=\"https:\/\/starprinter.online\/\" target=\"_blank\">StarPrinter.online<\/a><\/h3><\/div><\/div>\t\t\t\t<\/div>\n\t\t\t\t<\/div>\n\t\t\t\t\t<\/div>\n\t\t<\/div>\n\t\t\t\t<div class=\"elementor-column elementor-col-33 elementor-inner-column elementor-element elementor-element-1b0eea9\" data-id=\"1b0eea9\" data-element_type=\"column\" data-e-type=\"column\">\n\t\t\t<div class=\"elementor-widget-wrap elementor-element-populated\">\n\t\t\t\t\t\t<div class=\"elementor-element elementor-element-a086778 elementor-widget elementor-widget-image\" data-id=\"a086778\" data-element_type=\"widget\" data-e-type=\"widget\" data-settings=\"{&quot;ekit_we_effect_on&quot;:&quot;none&quot;}\" data-widget_type=\"image.default\">\n\t\t\t\t<div class=\"elementor-widget-container\">\n\t\t\t\t\t\t\t\t\t\t\t\t\t\t\t\t<a href=\"https:\/\/star-emea.com\/es\/support\/developer\/\">\n\t\t\t\t\t\t\t<img decoding=\"async\" width=\"567\" height=\"567\" src=\"https:\/\/star-emea.com\/wp-content\/uploads\/2015\/07\/platforms.jpg\" class=\"attachment-large size-large wp-image-28055\" alt=\"\" srcset=\"https:\/\/star-emea.com\/wp-content\/uploads\/2015\/07\/platforms.jpg 567w, https:\/\/star-emea.com\/wp-content\/uploads\/2015\/07\/platforms-300x300.jpg 300w, https:\/\/star-emea.com\/wp-content\/uploads\/2015\/07\/platforms-150x150.jpg 150w\" sizes=\"(max-width: 567px) 100vw, 567px\" \/>\t\t\t\t\t\t\t\t<\/a>\n\t\t\t\t\t\t\t\t\t\t\t\t\t\t\t<\/div>\n\t\t\t\t<\/div>\n\t\t\t\t<div class=\"elementor-element elementor-element-69b9599 elementor-widget elementor-widget-image-box\" data-id=\"69b9599\" data-element_type=\"widget\" data-e-type=\"widget\" data-settings=\"{&quot;ekit_we_effect_on&quot;:&quot;none&quot;}\" data-widget_type=\"image-box.default\">\n\t\t\t\t<div class=\"elementor-widget-container\">\n\t\t\t\t\t<div class=\"elementor-image-box-wrapper\"><div class=\"elementor-image-box-content\"><h3 class=\"elementor-image-box-title\"><a href=\"https:\/\/star-emea.com\/support\/developer\/\">Soporte de integraci\u00f3n<\/a><\/h3><\/div><\/div>\t\t\t\t<\/div>\n\t\t\t\t<\/div>\n\t\t\t\t\t<\/div>\n\t\t<\/div>\n\t\t\t\t<div class=\"elementor-column elementor-col-33 elementor-inner-column elementor-element elementor-element-21442aa\" data-id=\"21442aa\" data-element_type=\"column\" data-e-type=\"column\">\n\t\t\t<div class=\"elementor-widget-wrap elementor-element-populated\">\n\t\t\t\t\t\t<div class=\"elementor-element elementor-element-b6d6095 elementor-widget elementor-widget-image\" data-id=\"b6d6095\" data-element_type=\"widget\" data-e-type=\"widget\" data-settings=\"{&quot;ekit_we_effect_on&quot;:&quot;none&quot;}\" data-widget_type=\"image.default\">\n\t\t\t\t<div class=\"elementor-widget-container\">\n\t\t\t\t\t\t\t\t\t\t\t\t\t\t\t\t<a href=\"https:\/\/star-emea.com\/es\/products\/star-cloud-services\/\">\n\t\t\t\t\t\t\t<img decoding=\"async\" width=\"300\" height=\"300\" src=\"https:\/\/star-emea.com\/wp-content\/uploads\/2018\/08\/scs-300x300.jpg\" class=\"attachment-medium size-medium wp-image-28034\" alt=\"\" srcset=\"https:\/\/star-emea.com\/wp-content\/uploads\/2018\/08\/scs-300x300.jpg 300w, https:\/\/star-emea.com\/wp-content\/uploads\/2018\/08\/scs-150x150.jpg 150w, https:\/\/star-emea.com\/wp-content\/uploads\/2018\/08\/scs.jpg 567w\" sizes=\"(max-width: 300px) 100vw, 300px\" \/>\t\t\t\t\t\t\t\t<\/a>\n\t\t\t\t\t\t\t\t\t\t\t\t\t\t\t<\/div>\n\t\t\t\t<\/div>\n\t\t\t\t<div class=\"elementor-element elementor-element-bfa343e elementor-widget elementor-widget-image-box\" data-id=\"bfa343e\" data-element_type=\"widget\" data-e-type=\"widget\" data-settings=\"{&quot;ekit_we_effect_on&quot;:&quot;none&quot;}\" data-widget_type=\"image-box.default\">\n\t\t\t\t<div class=\"elementor-widget-container\">\n\t\t\t\t\t<div class=\"elementor-image-box-wrapper\"><div class=\"elementor-image-box-content\"><h3 class=\"elementor-image-box-title\"><a href=\"https:\/\/star-emea.com\/products\/star-cloud-services\/\">Star Cloud Services<\/a><\/h3><p class=\"elementor-image-box-description\">\n<\/p><\/div><\/div>\t\t\t\t<\/div>\n\t\t\t\t<\/div>\n\t\t\t\t\t<\/div>\n\t\t<\/div>\n\t\t\t\t\t<\/div>\n\t\t<\/section>\n\t\t\t\t\t<\/div>\n\t\t<\/div>\n\t\t\t\t\t<\/div>\n\t\t<\/section>\n\t\t\t\t<section class=\"elementor-section elementor-top-section elementor-element elementor-element-187b4c6 elementor-reverse-tablet elementor-reverse-mobile elementor-section-boxed elementor-section-height-default elementor-section-height-default\" data-id=\"187b4c6\" data-element_type=\"section\" data-e-type=\"section\" data-settings=\"{&quot;ekit_has_onepagescroll_dot&quot;:&quot;yes&quot;}\">\n\t\t\t\t\t\t<div class=\"elementor-container elementor-column-gap-default\">\n\t\t\t\t\t<div class=\"elementor-column elementor-col-50 elementor-top-column elementor-element elementor-element-907baf9\" data-id=\"907baf9\" data-element_type=\"column\" data-e-type=\"column\" data-settings=\"{&quot;background_background&quot;:&quot;classic&quot;}\">\n\t\t\t<div class=\"elementor-widget-wrap elementor-element-populated\">\n\t\t\t\t\t\t<div class=\"elementor-element elementor-element-c3c7c2a elementor-widget elementor-widget-spacer\" data-id=\"c3c7c2a\" data-element_type=\"widget\" data-e-type=\"widget\" data-settings=\"{&quot;ekit_we_effect_on&quot;:&quot;none&quot;}\" data-widget_type=\"spacer.default\">\n\t\t\t\t<div class=\"elementor-widget-container\">\n\t\t\t\t\t\t\t<div class=\"elementor-spacer\">\n\t\t\t<div class=\"elementor-spacer-inner\"><\/div>\n\t\t<\/div>\n\t\t\t\t\t\t<\/div>\n\t\t\t\t<\/div>\n\t\t\t\t<section class=\"elementor-section elementor-inner-section elementor-element elementor-element-b3ba339 elementor-section-boxed elementor-section-height-default elementor-section-height-default\" data-id=\"b3ba339\" data-element_type=\"section\" data-e-type=\"section\" data-settings=\"{&quot;ekit_has_onepagescroll_dot&quot;:&quot;yes&quot;}\">\n\t\t\t\t\t\t<div class=\"elementor-container elementor-column-gap-default\">\n\t\t\t\t\t<div class=\"elementor-column elementor-col-50 elementor-inner-column elementor-element elementor-element-4d45567\" data-id=\"4d45567\" data-element_type=\"column\" data-e-type=\"column\">\n\t\t\t<div class=\"elementor-widget-wrap elementor-element-populated\">\n\t\t\t\t\t\t<div class=\"elementor-element elementor-element-d029b45 elementor-widget elementor-widget-spacer\" data-id=\"d029b45\" data-element_type=\"widget\" data-e-type=\"widget\" data-settings=\"{&quot;ekit_we_effect_on&quot;:&quot;none&quot;}\" data-widget_type=\"spacer.default\">\n\t\t\t\t<div class=\"elementor-widget-container\">\n\t\t\t\t\t\t\t<div class=\"elementor-spacer\">\n\t\t\t<div class=\"elementor-spacer-inner\"><\/div>\n\t\t<\/div>\n\t\t\t\t\t\t<\/div>\n\t\t\t\t<\/div>\n\t\t\t\t\t<\/div>\n\t\t<\/div>\n\t\t\t\t<div class=\"elementor-column elementor-col-50 elementor-inner-column elementor-element elementor-element-f87402c\" data-id=\"f87402c\" data-element_type=\"column\" data-e-type=\"column\">\n\t\t\t<div class=\"elementor-widget-wrap elementor-element-populated\">\n\t\t\t\t\t\t<div class=\"elementor-element elementor-element-f09d03b elementor-widget elementor-widget-spacer\" data-id=\"f09d03b\" data-element_type=\"widget\" data-e-type=\"widget\" data-settings=\"{&quot;ekit_we_effect_on&quot;:&quot;none&quot;}\" data-widget_type=\"spacer.default\">\n\t\t\t\t<div class=\"elementor-widget-container\">\n\t\t\t\t\t\t\t<div class=\"elementor-spacer\">\n\t\t\t<div class=\"elementor-spacer-inner\"><\/div>\n\t\t<\/div>\n\t\t\t\t\t\t<\/div>\n\t\t\t\t<\/div>\n\t\t\t\t\t<\/div>\n\t\t<\/div>\n\t\t\t\t\t<\/div>\n\t\t<\/section>\n\t\t\t\t\t<\/div>\n\t\t<\/div>\n\t\t\t\t<div class=\"elementor-column elementor-col-50 elementor-top-column elementor-element elementor-element-647326d\" data-id=\"647326d\" data-element_type=\"column\" data-e-type=\"column\" data-settings=\"{&quot;background_background&quot;:&quot;classic&quot;}\">\n\t\t\t<div class=\"elementor-widget-wrap elementor-element-populated\">\n\t\t\t\t\t\t<section class=\"elementor-section elementor-inner-section elementor-element elementor-element-c78388a elementor-section-boxed elementor-section-height-default elementor-section-height-default\" data-id=\"c78388a\" data-element_type=\"section\" data-e-type=\"section\" data-settings=\"{&quot;ekit_has_onepagescroll_dot&quot;:&quot;yes&quot;}\">\n\t\t\t\t\t\t<div class=\"elementor-container elementor-column-gap-default\">\n\t\t\t\t\t<div class=\"elementor-column elementor-col-100 elementor-inner-column elementor-element elementor-element-1981277\" data-id=\"1981277\" data-element_type=\"column\" data-e-type=\"column\">\n\t\t\t<div class=\"elementor-widget-wrap elementor-element-populated\">\n\t\t\t\t\t\t<div class=\"elementor-element elementor-element-d5b02e1 elementor-widget elementor-widget-heading\" data-id=\"d5b02e1\" data-element_type=\"widget\" data-e-type=\"widget\" data-settings=\"{&quot;ekit_we_effect_on&quot;:&quot;none&quot;}\" data-widget_type=\"heading.default\">\n\t\t\t\t<div class=\"elementor-widget-container\">\n\t\t\t\t\t<h2 class=\"elementor-heading-title elementor-size-default\">Una combinaci\u00f3n de sostenibilidad, dise\u00f1o y tecnolog\u00eda avanzada.\n\n\n\n\n<\/h2>\t\t\t\t<\/div>\n\t\t\t\t<\/div>\n\t\t\t\t<div class=\"elementor-element elementor-element-41b68f1 elementor-widget elementor-widget-text-editor\" data-id=\"41b68f1\" data-element_type=\"widget\" data-e-type=\"widget\" data-settings=\"{&quot;ekit_we_effect_on&quot;:&quot;none&quot;}\" data-widget_type=\"text-editor.default\">\n\t\t\t\t<div class=\"elementor-widget-container\">\n\t\t\t\t\t\t\t\t\t<p>\u00bfNo est\u00e1s seguro de qu\u00e9 producto elegir o necesitas ayuda con la integraci\u00f3n o soporte? El equipo de Star estar\u00e1 encantado de escucharte.<\/p>\t\t\t\t\t\t\t\t<\/div>\n\t\t\t\t<\/div>\n\t\t\t\t<div class=\"elementor-element elementor-element-4fcef3b elementor-mobile-align-justify elementor-widget elementor-widget-button\" data-id=\"4fcef3b\" data-element_type=\"widget\" data-e-type=\"widget\" data-settings=\"{&quot;ekit_we_effect_on&quot;:&quot;none&quot;}\" data-widget_type=\"button.default\">\n\t\t\t\t<div class=\"elementor-widget-container\">\n\t\t\t\t\t\t\t\t\t<div class=\"elementor-button-wrapper\">\n\t\t\t\t\t<a class=\"elementor-button elementor-button-link elementor-size-sm\" href=\"https:\/\/star-emea.com\/es\/contact\/\">\n\t\t\t\t\t\t<span class=\"elementor-button-content-wrapper\">\n\t\t\t\t\t\t\t\t\t<span class=\"elementor-button-text\">contacto Star<\/span>\n\t\t\t\t\t<\/span>\n\t\t\t\t\t<\/a>\n\t\t\t\t<\/div>\n\t\t\t\t\t\t\t\t<\/div>\n\t\t\t\t<\/div>\n\t\t\t\t\t<\/div>\n\t\t<\/div>\n\t\t\t\t\t<\/div>\n\t\t<\/section>\n\t\t\t\t<section class=\"elementor-section elementor-inner-section elementor-element elementor-element-e0403dd elementor-section-boxed elementor-section-height-default elementor-section-height-default\" data-id=\"e0403dd\" data-element_type=\"section\" data-e-type=\"section\" data-settings=\"{&quot;ekit_has_onepagescroll_dot&quot;:&quot;yes&quot;}\">\n\t\t\t\t\t\t<div class=\"elementor-container elementor-column-gap-default\">\n\t\t\t\t\t<div class=\"elementor-column elementor-col-100 elementor-inner-column elementor-element elementor-element-547925f\" data-id=\"547925f\" data-element_type=\"column\" data-e-type=\"column\">\n\t\t\t<div class=\"elementor-widget-wrap elementor-element-populated\">\n\t\t\t\t\t\t<div class=\"elementor-element elementor-element-a07b542 elementor-widget elementor-widget-spacer\" data-id=\"a07b542\" data-element_type=\"widget\" data-e-type=\"widget\" data-settings=\"{&quot;ekit_we_effect_on&quot;:&quot;none&quot;}\" data-widget_type=\"spacer.default\">\n\t\t\t\t<div class=\"elementor-widget-container\">\n\t\t\t\t\t\t\t<div class=\"elementor-spacer\">\n\t\t\t<div class=\"elementor-spacer-inner\"><\/div>\n\t\t<\/div>\n\t\t\t\t\t\t<\/div>\n\t\t\t\t<\/div>\n\t\t\t\t\t<\/div>\n\t\t<\/div>\n\t\t\t\t\t<\/div>\n\t\t<\/section>\n\t\t\t\t\t<\/div>\n\t\t<\/div>\n\t\t\t\t\t<\/div>\n\t\t<\/section>\n\t\t\t\t<\/div>\n\t\t","protected":false},"excerpt":{"rendered":"<p>StarPrinter.online Soporte de integraci\u00f3n Star Cloud Services Una combinaci\u00f3n de sostenibilidad, dise\u00f1o y tecnolog\u00eda avanzada. \u00bfNo est\u00e1s seguro de qu\u00e9 producto elegir o necesitas ayuda con la integraci\u00f3n o soporte? El equipo de Star estar\u00e1 encantado de escucharte. contacto Star<\/p>\n","protected":false},"author":1,"featured_media":0,"parent":0,"menu_order":6,"comment_status":"closed","ping_status":"closed","template":"","meta":{"_acf_changed":false,"footnotes":""},"class_list":["post-29886","page","type-page","status-publish","hentry"],"acf":[],"yoast_head":"<!-- This site is optimized with the Yoast SEO plugin v27.5 - https:\/\/yoast.com\/product\/yoast-seo-wordpress\/ -->\n<title>Servicios - Star EMEA<\/title>\n<meta name=\"robots\" content=\"index, follow, max-snippet:-1, max-image-preview:large, max-video-preview:-1\" \/>\n<meta property=\"og:locale\" content=\"es_ES\" \/>\n<meta property=\"og:type\" content=\"article\" \/>\n<meta property=\"og:title\" content=\"Servicios - Star EMEA\" \/>\n<meta property=\"og:description\" content=\"StarPrinter.online Soporte de integraci\u00f3n Star Cloud Services Una combinaci\u00f3n de sostenibilidad, dise\u00f1o y tecnolog\u00eda avanzada. \u00bfNo est\u00e1s seguro de qu\u00e9 producto elegir o necesitas ayuda con la integraci\u00f3n o soporte? El equipo de Star estar\u00e1 encantado de escucharte. contacto Star\" \/>\n<meta property=\"og:url\" content=\"https:\/\/star-emea.com\/es\/services\/\" \/>\n<meta property=\"og:site_name\" content=\"Star EMEA\" \/>\n<meta property=\"article:publisher\" content=\"https:\/\/www.facebook.com\/StarMicronicsEMEA\" \/>\n<meta property=\"article:modified_time\" content=\"2025-08-28T15:01:48+00:00\" \/>\n<meta property=\"og:image\" content=\"https:\/\/star-emea.com\/wp-content\/uploads\/2022\/07\/hkhgkgh-1288x1536-1-859x1024.jpg\" \/>\n<meta name=\"twitter:label1\" content=\"Tiempo de lectura\" \/>\n\t<meta name=\"twitter:data1\" content=\"1 minuto\" \/>\n<script type=\"application\/ld+json\" class=\"yoast-schema-graph\">{\"@context\":\"https:\\\/\\\/schema.org\",\"@graph\":[{\"@type\":\"WebPage\",\"@id\":\"https:\\\/\\\/star-emea.com\\\/es\\\/services\\\/\",\"url\":\"https:\\\/\\\/star-emea.com\\\/es\\\/services\\\/\",\"name\":\"Servicios - Star EMEA\",\"isPartOf\":{\"@id\":\"https:\\\/\\\/star-emea.com\\\/#website\"},\"primaryImageOfPage\":{\"@id\":\"https:\\\/\\\/star-emea.com\\\/es\\\/services\\\/#primaryimage\"},\"image\":{\"@id\":\"https:\\\/\\\/star-emea.com\\\/es\\\/services\\\/#primaryimage\"},\"thumbnailUrl\":\"https:\\\/\\\/star-emea.com\\\/wp-content\\\/uploads\\\/2022\\\/07\\\/hkhgkgh-1288x1536-1-859x1024.jpg\",\"datePublished\":\"2022-05-12T11:18:38+00:00\",\"dateModified\":\"2025-08-28T15:01:48+00:00\",\"breadcrumb\":{\"@id\":\"https:\\\/\\\/star-emea.com\\\/es\\\/services\\\/#breadcrumb\"},\"inLanguage\":\"es\",\"potentialAction\":[{\"@type\":\"ReadAction\",\"target\":[\"https:\\\/\\\/star-emea.com\\\/es\\\/services\\\/\"]}]},{\"@type\":\"ImageObject\",\"inLanguage\":\"es\",\"@id\":\"https:\\\/\\\/star-emea.com\\\/es\\\/services\\\/#primaryimage\",\"url\":\"https:\\\/\\\/star-emea.com\\\/wp-content\\\/uploads\\\/2022\\\/07\\\/hkhgkgh-1288x1536-1-859x1024.jpg\",\"contentUrl\":\"https:\\\/\\\/star-emea.com\\\/wp-content\\\/uploads\\\/2022\\\/07\\\/hkhgkgh-1288x1536-1-859x1024.jpg\"},{\"@type\":\"BreadcrumbList\",\"@id\":\"https:\\\/\\\/star-emea.com\\\/es\\\/services\\\/#breadcrumb\",\"itemListElement\":[{\"@type\":\"ListItem\",\"position\":1,\"name\":\"Home\",\"item\":\"https:\\\/\\\/star-emea.com\\\/es\\\/\"},{\"@type\":\"ListItem\",\"position\":2,\"name\":\"Servicios\"}]},{\"@type\":\"WebSite\",\"@id\":\"https:\\\/\\\/star-emea.com\\\/#website\",\"url\":\"https:\\\/\\\/star-emea.com\\\/\",\"name\":\"Star EMEA\",\"description\":\"\",\"publisher\":{\"@id\":\"https:\\\/\\\/star-emea.com\\\/#organization\"},\"potentialAction\":[{\"@type\":\"SearchAction\",\"target\":{\"@type\":\"EntryPoint\",\"urlTemplate\":\"https:\\\/\\\/star-emea.com\\\/?s={search_term_string}\"},\"query-input\":{\"@type\":\"PropertyValueSpecification\",\"valueRequired\":true,\"valueName\":\"search_term_string\"}}],\"inLanguage\":\"es\"},{\"@type\":\"Organization\",\"@id\":\"https:\\\/\\\/star-emea.com\\\/#organization\",\"name\":\"Star EMEA\",\"url\":\"https:\\\/\\\/star-emea.com\\\/\",\"logo\":{\"@type\":\"ImageObject\",\"inLanguage\":\"es\",\"@id\":\"https:\\\/\\\/star-emea.com\\\/#\\\/schema\\\/logo\\\/image\\\/\",\"url\":\"https:\\\/\\\/star-emea.com\\\/wp-content\\\/uploads\\\/2022\\\/05\\\/Star-blue-logo-.png\",\"contentUrl\":\"https:\\\/\\\/star-emea.com\\\/wp-content\\\/uploads\\\/2022\\\/05\\\/Star-blue-logo-.png\",\"width\":147,\"height\":53,\"caption\":\"Star EMEA\"},\"image\":{\"@id\":\"https:\\\/\\\/star-emea.com\\\/#\\\/schema\\\/logo\\\/image\\\/\"},\"sameAs\":[\"https:\\\/\\\/www.facebook.com\\\/StarMicronicsEMEA\"]}]}<\/script>\n<!-- \/ Yoast SEO plugin. -->","yoast_head_json":{"title":"Servicios - Star EMEA","robots":{"index":"index","follow":"follow","max-snippet":"max-snippet:-1","max-image-preview":"max-image-preview:large","max-video-preview":"max-video-preview:-1"},"og_locale":"es_ES","og_type":"article","og_title":"Servicios - Star EMEA","og_description":"StarPrinter.online Soporte de integraci\u00f3n Star Cloud Services Una combinaci\u00f3n de sostenibilidad, dise\u00f1o y tecnolog\u00eda avanzada. \u00bfNo est\u00e1s seguro de qu\u00e9 producto elegir o necesitas ayuda con la integraci\u00f3n o soporte? El equipo de Star estar\u00e1 encantado de escucharte. contacto Star","og_url":"https:\/\/star-emea.com\/es\/services\/","og_site_name":"Star EMEA","article_publisher":"https:\/\/www.facebook.com\/StarMicronicsEMEA","article_modified_time":"2025-08-28T15:01:48+00:00","og_image":[{"url":"https:\/\/star-emea.com\/wp-content\/uploads\/2022\/07\/hkhgkgh-1288x1536-1-859x1024.jpg","type":"","width":"","height":""}],"twitter_misc":{"Tiempo de lectura":"1 minuto"},"schema":{"@context":"https:\/\/schema.org","@graph":[{"@type":"WebPage","@id":"https:\/\/star-emea.com\/es\/services\/","url":"https:\/\/star-emea.com\/es\/services\/","name":"Servicios - Star EMEA","isPartOf":{"@id":"https:\/\/star-emea.com\/#website"},"primaryImageOfPage":{"@id":"https:\/\/star-emea.com\/es\/services\/#primaryimage"},"image":{"@id":"https:\/\/star-emea.com\/es\/services\/#primaryimage"},"thumbnailUrl":"https:\/\/star-emea.com\/wp-content\/uploads\/2022\/07\/hkhgkgh-1288x1536-1-859x1024.jpg","datePublished":"2022-05-12T11:18:38+00:00","dateModified":"2025-08-28T15:01:48+00:00","breadcrumb":{"@id":"https:\/\/star-emea.com\/es\/services\/#breadcrumb"},"inLanguage":"es","potentialAction":[{"@type":"ReadAction","target":["https:\/\/star-emea.com\/es\/services\/"]}]},{"@type":"ImageObject","inLanguage":"es","@id":"https:\/\/star-emea.com\/es\/services\/#primaryimage","url":"https:\/\/star-emea.com\/wp-content\/uploads\/2022\/07\/hkhgkgh-1288x1536-1-859x1024.jpg","contentUrl":"https:\/\/star-emea.com\/wp-content\/uploads\/2022\/07\/hkhgkgh-1288x1536-1-859x1024.jpg"},{"@type":"BreadcrumbList","@id":"https:\/\/star-emea.com\/es\/services\/#breadcrumb","itemListElement":[{"@type":"ListItem","position":1,"name":"Home","item":"https:\/\/star-emea.com\/es\/"},{"@type":"ListItem","position":2,"name":"Servicios"}]},{"@type":"WebSite","@id":"https:\/\/star-emea.com\/#website","url":"https:\/\/star-emea.com\/","name":"Star EMEA","description":"","publisher":{"@id":"https:\/\/star-emea.com\/#organization"},"potentialAction":[{"@type":"SearchAction","target":{"@type":"EntryPoint","urlTemplate":"https:\/\/star-emea.com\/?s={search_term_string}"},"query-input":{"@type":"PropertyValueSpecification","valueRequired":true,"valueName":"search_term_string"}}],"inLanguage":"es"},{"@type":"Organization","@id":"https:\/\/star-emea.com\/#organization","name":"Star EMEA","url":"https:\/\/star-emea.com\/","logo":{"@type":"ImageObject","inLanguage":"es","@id":"https:\/\/star-emea.com\/#\/schema\/logo\/image\/","url":"https:\/\/star-emea.com\/wp-content\/uploads\/2022\/05\/Star-blue-logo-.png","contentUrl":"https:\/\/star-emea.com\/wp-content\/uploads\/2022\/05\/Star-blue-logo-.png","width":147,"height":53,"caption":"Star EMEA"},"image":{"@id":"https:\/\/star-emea.com\/#\/schema\/logo\/image\/"},"sameAs":["https:\/\/www.facebook.com\/StarMicronicsEMEA"]}]}},"_links":{"self":[{"href":"https:\/\/star-emea.com\/es\/wp-json\/wp\/v2\/pages\/29886","targetHints":{"allow":["GET"]}}],"collection":[{"href":"https:\/\/star-emea.com\/es\/wp-json\/wp\/v2\/pages"}],"about":[{"href":"https:\/\/star-emea.com\/es\/wp-json\/wp\/v2\/types\/page"}],"author":[{"embeddable":true,"href":"https:\/\/star-emea.com\/es\/wp-json\/wp\/v2\/users\/1"}],"replies":[{"embeddable":true,"href":"https:\/\/star-emea.com\/es\/wp-json\/wp\/v2\/comments?post=29886"}],"version-history":[{"count":0,"href":"https:\/\/star-emea.com\/es\/wp-json\/wp\/v2\/pages\/29886\/revisions"}],"wp:attachment":[{"href":"https:\/\/star-emea.com\/es\/wp-json\/wp\/v2\/media?parent=29886"}],"curies":[{"name":"wp","href":"https:\/\/api.w.org\/{rel}","templated":true}]}}