{"id":12409,"date":"2018-05-14T16:39:11","date_gmt":"2018-05-14T15:39:11","guid":{"rendered":"https:\/\/star-emea.com\/?page_id=12409"},"modified":"2018-05-21T11:15:03","modified_gmt":"2018-05-21T10:15:03","slug":"gdpr","status":"publish","type":"page","link":"https:\/\/star-emea.com\/fr\/gdpr\/","title":{"rendered":"GDPR"},"content":{"rendered":"<p>[et_pb_section admin_label=\u00a0\u00bbsection\u00a0\u00bb background_color=\u00a0\u00bb#27323a\u00a0\u00bb inner_shadow=\u00a0\u00bboff\u00a0\u00bb parallax=\u00a0\u00bboff\u00a0\u00bb background_image=\u00a0\u00bbhttps:\/\/star-emea.com\/wp-content\/uploads\/2018\/03\/concert_dark.jpg\u00a0\u00bb transparent_background=\u00a0\u00bboff\u00a0\u00bb allow_player_pause=\u00a0\u00bboff\u00a0\u00bb parallax_method=\u00a0\u00bboff\u00a0\u00bb padding_mobile=\u00a0\u00bboff\u00a0\u00bb make_fullwidth=\u00a0\u00bboff\u00a0\u00bb use_custom_width=\u00a0\u00bboff\u00a0\u00bb width_unit=\u00a0\u00bbon\u00a0\u00bb make_equal=\u00a0\u00bboff\u00a0\u00bb use_custom_gutter=\u00a0\u00bboff\u00a0\u00bb][et_pb_row admin_label=\u00a0\u00bbrow\u00a0\u00bb][et_pb_column type=\u00a0\u00bb4_4&Prime;][et_pb_text admin_label=\u00a0\u00bbText\u00a0\u00bb background_layout=\u00a0\u00bbdark\u00a0\u00bb text_orientation=\u00a0\u00bbcenter\u00a0\u00bb use_border_color=\u00a0\u00bboff\u00a0\u00bb border_color=\u00a0\u00bb#ffffff\u00a0\u00bb border_style=\u00a0\u00bbsolid\u00a0\u00bb]<\/p>\n<h1 style=\"font-size: 72px;\">Star Micronics EMEA<\/h1>\n<h2><em>R\u00e8glement g\u00e9n\u00e9ral sur la protection des donn\u00e9es (GDPR) <\/em><\/h2>\n<p>[\/et_pb_text][\/et_pb_column][\/et_pb_row][\/et_pb_section][et_pb_section admin_label=\u00a0\u00bbSection\u00a0\u00bb fullwidth=\u00a0\u00bboff\u00a0\u00bb specialty=\u00a0\u00bboff\u00a0\u00bb][et_pb_row admin_label=\u00a0\u00bbRow\u00a0\u00bb][et_pb_column type=\u00a0\u00bb1_2&Prime;][et_pb_blurb admin_label=\u00a0\u00bbBlurb\u00a0\u00bb title=\u00a0\u00bbPourquoi dois-je confirmer \u00e0 nouveau mes informations ?\u00a0\u00bb url_new_window=\u00a0\u00bboff\u00a0\u00bb use_icon=\u00a0\u00bbon\u00a0\u00bb font_icon=\u00a0\u00bb\ue00e\u00a0\u00bb icon_color=\u00a0\u00bb#2ea3f2&Prime; use_circle=\u00a0\u00bboff\u00a0\u00bb circle_color=\u00a0\u00bb#108bf5&Prime; use_circle_border=\u00a0\u00bboff\u00a0\u00bb circle_border_color=\u00a0\u00bb#108bf5&Prime; icon_placement=\u00a0\u00bbleft\u00a0\u00bb animation=\u00a0\u00bbtop\u00a0\u00bb background_layout=\u00a0\u00bblight\u00a0\u00bb text_orientation=\u00a0\u00bbcenter\u00a0\u00bb use_icon_font_size=\u00a0\u00bboff\u00a0\u00bb use_border_color=\u00a0\u00bboff\u00a0\u00bb border_color=\u00a0\u00bb#ffffff\u00a0\u00bb border_style=\u00a0\u00bbsolid\u00a0\u00bb]<\/p>\n<p>Au cours des mois \u00e0 venir, vous devrez confirmer \u00e0 nouveau vos pr\u00e9f\u00e9rences de contact aupr\u00e8s non seulement de Star, mais aussi de nombreuses autres soci\u00e9t\u00e9s. Cela est d\u00fb \u00e0 un changement des lois europ\u00e9ennes de protection de la confidentialit\u00e9 qui entrera en vigueur en mai 2018. Le r\u00e8glement g\u00e9n\u00e9ral sur la protection des donn\u00e9es (GDPR) pr\u00e9voit de nouvelles mesures de protection de la confidentialit\u00e9 des donn\u00e9es des clients.<\/p>\n<p>[\/et_pb_blurb][et_pb_image admin_label=\u00a0\u00bbImage\u00a0\u00bb src=\u00a0\u00bbhttps:\/\/star-emea.com\/wp-content\/uploads\/2018\/03\/star_range_2018.jpg\u00a0\u00bb show_in_lightbox=\u00a0\u00bboff\u00a0\u00bb url_new_window=\u00a0\u00bboff\u00a0\u00bb use_overlay=\u00a0\u00bboff\u00a0\u00bb animation=\u00a0\u00bbleft\u00a0\u00bb sticky=\u00a0\u00bboff\u00a0\u00bb align=\u00a0\u00bbleft\u00a0\u00bb force_fullwidth=\u00a0\u00bboff\u00a0\u00bb always_center_on_mobile=\u00a0\u00bbon\u00a0\u00bb use_border_color=\u00a0\u00bboff\u00a0\u00bb border_color=\u00a0\u00bb#ffffff\u00a0\u00bb border_style=\u00a0\u00bbsolid\u00a0\u00bb]<\/p>\n<p>&nbsp;<\/p>\n<p>[\/et_pb_image][\/et_pb_column][et_pb_column type=\u00a0\u00bb1_2&Prime;][et_pb_blurb admin_label=\u00a0\u00bbBlurb\u00a0\u00bb title=\u00a0\u00bbEn quoi suis-je concern\u00e9 par ce nouveau r\u00e8glement ?\u00a0\u00bb url_new_window=\u00a0\u00bboff\u00a0\u00bb use_icon=\u00a0\u00bbon\u00a0\u00bb font_icon=\u00a0\u00bb%%109%%\u00a0\u00bb icon_color=\u00a0\u00bb#2ea3f2&Prime; use_circle=\u00a0\u00bboff\u00a0\u00bb circle_color=\u00a0\u00bb#108bf5&Prime; use_circle_border=\u00a0\u00bboff\u00a0\u00bb circle_border_color=\u00a0\u00bb#108bf5&Prime; icon_placement=\u00a0\u00bbleft\u00a0\u00bb animation=\u00a0\u00bbtop\u00a0\u00bb background_layout=\u00a0\u00bblight\u00a0\u00bb text_orientation=\u00a0\u00bbcenter\u00a0\u00bb use_icon_font_size=\u00a0\u00bboff\u00a0\u00bb use_border_color=\u00a0\u00bboff\u00a0\u00bb border_color=\u00a0\u00bb#ffffff\u00a0\u00bb border_style=\u00a0\u00bbsolid\u00a0\u00bb]<\/p>\n<p>Une fois la r\u00e9glementation GDPR en place, les organisations devront disposer de votre consentement explicite pour stocker des donn\u00e9es \u00e0 caract\u00e8re personnel, notamment votre nom et votre adresse e-mail. Afin de nous conformer \u00e0 ces nouvelles exigences, nous devons vous demander de confirmer \u00e0 nouveau vos informations et de nous autoriser \u00e0 les utiliser pour vous contacter.<\/p>\n<p>[\/et_pb_blurb][et_pb_blurb admin_label=\u00a0\u00bbBlurb\u00a0\u00bb title=\u00a0\u00bbComment puis-je confirmer \u00e0 nouveau mon autorisation ?\u00a0\u00bb url_new_window=\u00a0\u00bboff\u00a0\u00bb use_icon=\u00a0\u00bbon\u00a0\u00bb font_icon=\u00a0\u00bb%%49%%\u00a0\u00bb icon_color=\u00a0\u00bb#2ea3f2&Prime; use_circle=\u00a0\u00bboff\u00a0\u00bb circle_color=\u00a0\u00bb#108bf5&Prime; use_circle_border=\u00a0\u00bboff\u00a0\u00bb circle_border_color=\u00a0\u00bb#108bf5&Prime; icon_placement=\u00a0\u00bbleft\u00a0\u00bb animation=\u00a0\u00bbtop\u00a0\u00bb background_layout=\u00a0\u00bblight\u00a0\u00bb text_orientation=\u00a0\u00bbcenter\u00a0\u00bb use_icon_font_size=\u00a0\u00bboff\u00a0\u00bb use_border_color=\u00a0\u00bboff\u00a0\u00bb border_color=\u00a0\u00bb#ffffff\u00a0\u00bb border_style=\u00a0\u00bbsolid\u00a0\u00bb]<\/p>\n<p>Un bandeau s&rsquo;affichera dans nos e-mails au cours des semaines \u00e0 venir pour vous demander de confirmer \u00e0 nouveau vos informations et vos autorisations. Il vous suffit de cliquer sur ce bandeau et de remplir les informations ci-dessous.<\/p>\n<p>Si vous avez d&rsquo;autres questions concernant ces donn\u00e9es, n&rsquo;h\u00e9sitez pas \u00e0 nous contacter.<\/p>\n<p>[\/et_pb_blurb][et_pb_blurb admin_label=\u00a0\u00bbBlurb\u00a0\u00bb title=\u00a0\u00bbComment puis-je avoir plus d&rsquo;informations ?\u00a0\u00bb url_new_window=\u00a0\u00bboff\u00a0\u00bb use_icon=\u00a0\u00bbon\u00a0\u00bb font_icon=\u00a0\u00bb%%83%%\u00a0\u00bb icon_color=\u00a0\u00bb#2ea3f2&Prime; use_circle=\u00a0\u00bboff\u00a0\u00bb circle_color=\u00a0\u00bb#108bf5&Prime; use_circle_border=\u00a0\u00bboff\u00a0\u00bb circle_border_color=\u00a0\u00bb#108bf5&Prime; icon_placement=\u00a0\u00bbleft\u00a0\u00bb animation=\u00a0\u00bbtop\u00a0\u00bb background_layout=\u00a0\u00bblight\u00a0\u00bb text_orientation=\u00a0\u00bbcenter\u00a0\u00bb use_icon_font_size=\u00a0\u00bboff\u00a0\u00bb use_border_color=\u00a0\u00bboff\u00a0\u00bb border_color=\u00a0\u00bb#ffffff\u00a0\u00bb border_style=\u00a0\u00bbsolid\u00a0\u00bb]<\/p>\n<p>Vous pouvez consulter le site officiel de l&rsquo;Union europ\u00e9enne consacr\u00e9 \u00e0 la r\u00e9glementation GDPR <a href=\"https:\/\/www.eugdpr.org\/\" target=\"_blank\" rel=\"noopener noreferrer\">ici.<\/a><\/p>\n<p>[\/et_pb_blurb][\/et_pb_column][\/et_pb_row][\/et_pb_section][et_pb_section admin_label=\u00a0\u00bbsection\u00a0\u00bb background_color=\u00a0\u00bbrgba(58,68,84,0.39)\u00a0\u00bb inner_shadow=\u00a0\u00bboff\u00a0\u00bb parallax=\u00a0\u00bboff\u00a0\u00bb transparent_background=\u00a0\u00bboff\u00a0\u00bb allow_player_pause=\u00a0\u00bboff\u00a0\u00bb parallax_method=\u00a0\u00bboff\u00a0\u00bb padding_mobile=\u00a0\u00bboff\u00a0\u00bb make_fullwidth=\u00a0\u00bboff\u00a0\u00bb use_custom_width=\u00a0\u00bboff\u00a0\u00bb width_unit=\u00a0\u00bbon\u00a0\u00bb make_equal=\u00a0\u00bboff\u00a0\u00bb use_custom_gutter=\u00a0\u00bboff\u00a0\u00bb][et_pb_row admin_label=\u00a0\u00bbRow\u00a0\u00bb][et_pb_column type=\u00a0\u00bb1_2&Prime;][et_pb_text admin_label=\u00a0\u00bbText\u00a0\u00bb background_layout=\u00a0\u00bbdark\u00a0\u00bb text_orientation=\u00a0\u00bbleft\u00a0\u00bb use_border_color=\u00a0\u00bboff\u00a0\u00bb border_color=\u00a0\u00bb#ffffff\u00a0\u00bb border_style=\u00a0\u00bbsolid\u00a0\u00bb]<\/p>\n<p>Acceptez-vous que Star Micronics enregistre vos informations dans la base de donn\u00e9es Salesforce de Star Micronics et vous contacte \u00e0 l&rsquo;avenir pour vous informer de nouveaux produits en rapport avec votre activit\u00e9&nbsp;?&nbsp; Nous traiterons toujours vos donn\u00e9es avec soin et vous pourrez demander \u00e0 Star de les supprimer \u00e0 tout moment en envoyant un e-mail \u00e0 <a href=\"mailto:sales@star-emea.com\">sales@star-emea.com&nbsp;<\/a><\/p>\n<p>[\/et_pb_text][et_pb_button admin_label=\u00a0\u00bbButton\u00a0\u00bb url_new_window=\u00a0\u00bboff\u00a0\u00bb button_text=\u00a0\u00bbCharte de confidentialit\u00e9 \u00a0\u00bb button_alignment=\u00a0\u00bbleft\u00a0\u00bb background_layout=\u00a0\u00bblight\u00a0\u00bb custom_button=\u00a0\u00bbon\u00a0\u00bb button_text_color=\u00a0\u00bb#ffffff\u00a0\u00bb button_border_color=\u00a0\u00bb#ffffff\u00a0\u00bb button_letter_spacing=\u00a0\u00bb0&Prime; button_use_icon=\u00a0\u00bbdefault\u00a0\u00bb button_icon_placement=\u00a0\u00bbright\u00a0\u00bb button_on_hover=\u00a0\u00bbon\u00a0\u00bb button_letter_spacing_hover=\u00a0\u00bb0&Prime; button_url=\u00a0\u00bbhttps:\/\/star-emea.com\/fr\/privacy-policy\/\u00a0\u00bb]<\/p>\n<p>&nbsp;<\/p>\n<p>[\/et_pb_button][\/et_pb_column][et_pb_column type=\u00a0\u00bb1_2&Prime;][et_pb_code admin_label=\u00a0\u00bbCode\u00a0\u00bb module_id=\u00a0\u00bbgdpr_gravity_form\u00a0\u00bb][\/et_pb_code][\/et_pb_column][\/et_pb_row][\/et_pb_section][et_pb_section admin_label=\u00a0\u00bbsection\u00a0\u00bb][et_pb_row admin_label=\u00a0\u00bbrow\u00a0\u00bb][\/et_pb_row][\/et_pb_section]<\/p>\n","protected":false},"excerpt":{"rendered":"<p>[et_pb_section admin_label=\u00a0\u00bbsection\u00a0\u00bb background_color=\u00a0\u00bb#27323a\u00a0\u00bb inner_shadow=\u00a0\u00bboff\u00a0\u00bb parallax=\u00a0\u00bboff\u00a0\u00bb background_image=\u00a0\u00bbhttps:\/\/star-emea.com\/wp-content\/uploads\/2018\/03\/concert_dark.jpg\u00a0\u00bb transparent_background=\u00a0\u00bboff\u00a0\u00bb allow_player_pause=\u00a0\u00bboff\u00a0\u00bb parallax_method=\u00a0\u00bboff\u00a0\u00bb padding_mobile=\u00a0\u00bboff\u00a0\u00bb make_fullwidth=\u00a0\u00bboff\u00a0\u00bb use_custom_width=\u00a0\u00bboff\u00a0\u00bb width_unit=\u00a0\u00bbon\u00a0\u00bb make_equal=\u00a0\u00bboff\u00a0\u00bb use_custom_gutter=\u00a0\u00bboff\u00a0\u00bb][et_pb_row admin_label=\u00a0\u00bbrow\u00a0\u00bb][et_pb_column type=\u00a0\u00bb4_4&Prime;][et_pb_text admin_label=\u00a0\u00bbText\u00a0\u00bb background_layout=\u00a0\u00bbdark\u00a0\u00bb text_orientation=\u00a0\u00bbcenter\u00a0\u00bb use_border_color=\u00a0\u00bboff\u00a0\u00bb border_color=\u00a0\u00bb#ffffff\u00a0\u00bb border_style=\u00a0\u00bbsolid\u00a0\u00bb] Star Micronics EMEA R\u00e8glement g\u00e9n\u00e9ral sur la protection des donn\u00e9es (GDPR) [\/et_pb_text][\/et_pb_column][\/et_pb_row][\/et_pb_section][et_pb_section admin_label=\u00a0\u00bbSection\u00a0\u00bb fullwidth=\u00a0\u00bboff\u00a0\u00bb specialty=\u00a0\u00bboff\u00a0\u00bb][et_pb_row admin_label=\u00a0\u00bbRow\u00a0\u00bb][et_pb_column type=\u00a0\u00bb1_2&Prime;][et_pb_blurb admin_label=\u00a0\u00bbBlurb\u00a0\u00bb title=\u00a0\u00bbPourquoi dois-je confirmer \u00e0 nouveau mes informations ?\u00a0\u00bb url_new_window=\u00a0\u00bboff\u00a0\u00bb use_icon=\u00a0\u00bbon\u00a0\u00bb font_icon=\u00a0\u00bb\ue00e\u00a0\u00bb icon_color=\u00a0\u00bb#2ea3f2&Prime; use_circle=\u00a0\u00bboff\u00a0\u00bb circle_color=\u00a0\u00bb#108bf5&Prime; [&hellip;]<\/p>\n","protected":false},"author":2,"featured_media":29244,"parent":0,"menu_order":85,"comment_status":"closed","ping_status":"closed","template":"","meta":{"_acf_changed":false,"footnotes":""},"class_list":["post-12409","page","type-page","status-publish","has-post-thumbnail","hentry"],"acf":[],"yoast_head":"<!-- This site is optimized with the Yoast SEO plugin v26.4 - https:\/\/yoast.com\/wordpress\/plugins\/seo\/ -->\n<title>GDPR - Star EMEA<\/title>\n<meta name=\"robots\" content=\"index, follow, max-snippet:-1, max-image-preview:large, max-video-preview:-1\" \/>\n<meta property=\"og:locale\" content=\"fr_FR\" \/>\n<meta property=\"og:type\" content=\"article\" \/>\n<meta property=\"og:title\" content=\"GDPR - Star EMEA\" \/>\n<meta property=\"og:description\" content=\"[et_pb_section admin_label=\u00a0\u00bbsection\u00a0\u00bb background_color=\u00a0\u00bb#27323a\u00a0\u00bb inner_shadow=\u00a0\u00bboff\u00a0\u00bb parallax=\u00a0\u00bboff\u00a0\u00bb background_image=\u00a0\u00bbhttps:\/\/star-emea.com\/wp-content\/uploads\/2018\/03\/concert_dark.jpg\u00a0\u00bb transparent_background=\u00a0\u00bboff\u00a0\u00bb allow_player_pause=\u00a0\u00bboff\u00a0\u00bb parallax_method=\u00a0\u00bboff\u00a0\u00bb padding_mobile=\u00a0\u00bboff\u00a0\u00bb make_fullwidth=\u00a0\u00bboff\u00a0\u00bb use_custom_width=\u00a0\u00bboff\u00a0\u00bb width_unit=\u00a0\u00bbon\u00a0\u00bb make_equal=\u00a0\u00bboff\u00a0\u00bb use_custom_gutter=\u00a0\u00bboff\u00a0\u00bb][et_pb_row admin_label=\u00a0\u00bbrow\u00a0\u00bb][et_pb_column type=\u00a0\u00bb4_4&Prime;][et_pb_text admin_label=\u00a0\u00bbText\u00a0\u00bb background_layout=\u00a0\u00bbdark\u00a0\u00bb text_orientation=\u00a0\u00bbcenter\u00a0\u00bb use_border_color=\u00a0\u00bboff\u00a0\u00bb border_color=\u00a0\u00bb#ffffff\u00a0\u00bb border_style=\u00a0\u00bbsolid\u00a0\u00bb] Star Micronics EMEA R\u00e8glement g\u00e9n\u00e9ral sur la protection des donn\u00e9es (GDPR) [\/et_pb_text][\/et_pb_column][\/et_pb_row][\/et_pb_section][et_pb_section admin_label=\u00a0\u00bbSection\u00a0\u00bb fullwidth=\u00a0\u00bboff\u00a0\u00bb specialty=\u00a0\u00bboff\u00a0\u00bb][et_pb_row admin_label=\u00a0\u00bbRow\u00a0\u00bb][et_pb_column type=\u00a0\u00bb1_2&Prime;][et_pb_blurb admin_label=\u00a0\u00bbBlurb\u00a0\u00bb title=\u00a0\u00bbPourquoi dois-je confirmer \u00e0 nouveau mes informations ?\u00a0\u00bb url_new_window=\u00a0\u00bboff\u00a0\u00bb use_icon=\u00a0\u00bbon\u00a0\u00bb font_icon=\u00a0\u00bb\ue00e\u00a0\u00bb icon_color=\u00a0\u00bb#2ea3f2&Prime; use_circle=\u00a0\u00bboff\u00a0\u00bb circle_color=\u00a0\u00bb#108bf5&Prime; [&hellip;]\" \/>\n<meta property=\"og:url\" content=\"https:\/\/star-emea.com\/fr\/gdpr\/\" \/>\n<meta property=\"og:site_name\" content=\"Star EMEA\" \/>\n<meta property=\"article:publisher\" content=\"https:\/\/www.facebook.com\/StarMicronicsEMEA\" \/>\n<meta property=\"article:modified_time\" content=\"2018-05-21T10:15:03+00:00\" \/>\n<meta property=\"og:image\" content=\"https:\/\/star-emea.com\/wp-content\/uploads\/2023\/04\/bckgrnd.png\" \/>\n\t<meta property=\"og:image:width\" content=\"740\" \/>\n\t<meta property=\"og:image:height\" content=\"463\" \/>\n\t<meta property=\"og:image:type\" content=\"image\/png\" \/>\n<meta name=\"twitter:label1\" content=\"Dur\u00e9e de lecture estim\u00e9e\" \/>\n\t<meta name=\"twitter:data1\" content=\"5 minutes\" \/>\n<script type=\"application\/ld+json\" class=\"yoast-schema-graph\">{\"@context\":\"https:\/\/schema.org\",\"@graph\":[{\"@type\":\"WebPage\",\"@id\":\"https:\/\/star-emea.com\/fr\/gdpr\/\",\"url\":\"https:\/\/star-emea.com\/fr\/gdpr\/\",\"name\":\"GDPR - Star EMEA\",\"isPartOf\":{\"@id\":\"https:\/\/star-emea.com\/#website\"},\"primaryImageOfPage\":{\"@id\":\"https:\/\/star-emea.com\/fr\/gdpr\/#primaryimage\"},\"image\":{\"@id\":\"https:\/\/star-emea.com\/fr\/gdpr\/#primaryimage\"},\"thumbnailUrl\":\"https:\/\/star-emea.com\/wp-content\/uploads\/2023\/04\/bckgrnd.png\",\"datePublished\":\"2018-05-14T15:39:11+00:00\",\"dateModified\":\"2018-05-21T10:15:03+00:00\",\"breadcrumb\":{\"@id\":\"https:\/\/star-emea.com\/fr\/gdpr\/#breadcrumb\"},\"inLanguage\":\"fr-FR\",\"potentialAction\":[{\"@type\":\"ReadAction\",\"target\":[\"https:\/\/star-emea.com\/fr\/gdpr\/\"]}]},{\"@type\":\"ImageObject\",\"inLanguage\":\"fr-FR\",\"@id\":\"https:\/\/star-emea.com\/fr\/gdpr\/#primaryimage\",\"url\":\"https:\/\/star-emea.com\/wp-content\/uploads\/2023\/04\/bckgrnd.png\",\"contentUrl\":\"https:\/\/star-emea.com\/wp-content\/uploads\/2023\/04\/bckgrnd.png\",\"width\":740,\"height\":463},{\"@type\":\"BreadcrumbList\",\"@id\":\"https:\/\/star-emea.com\/fr\/gdpr\/#breadcrumb\",\"itemListElement\":[{\"@type\":\"ListItem\",\"position\":1,\"name\":\"Home\",\"item\":\"https:\/\/star-emea.com\/fr\/\"},{\"@type\":\"ListItem\",\"position\":2,\"name\":\"GDPR\"}]},{\"@type\":\"WebSite\",\"@id\":\"https:\/\/star-emea.com\/#website\",\"url\":\"https:\/\/star-emea.com\/\",\"name\":\"Star EMEA\",\"description\":\"\",\"publisher\":{\"@id\":\"https:\/\/star-emea.com\/#organization\"},\"potentialAction\":[{\"@type\":\"SearchAction\",\"target\":{\"@type\":\"EntryPoint\",\"urlTemplate\":\"https:\/\/star-emea.com\/?s={search_term_string}\"},\"query-input\":{\"@type\":\"PropertyValueSpecification\",\"valueRequired\":true,\"valueName\":\"search_term_string\"}}],\"inLanguage\":\"fr-FR\"},{\"@type\":\"Organization\",\"@id\":\"https:\/\/star-emea.com\/#organization\",\"name\":\"Star EMEA\",\"url\":\"https:\/\/star-emea.com\/\",\"logo\":{\"@type\":\"ImageObject\",\"inLanguage\":\"fr-FR\",\"@id\":\"https:\/\/star-emea.com\/#\/schema\/logo\/image\/\",\"url\":\"https:\/\/star-emea.com\/wp-content\/uploads\/2022\/05\/Star-blue-logo-.png\",\"contentUrl\":\"https:\/\/star-emea.com\/wp-content\/uploads\/2022\/05\/Star-blue-logo-.png\",\"width\":147,\"height\":53,\"caption\":\"Star EMEA\"},\"image\":{\"@id\":\"https:\/\/star-emea.com\/#\/schema\/logo\/image\/\"},\"sameAs\":[\"https:\/\/www.facebook.com\/StarMicronicsEMEA\"]}]}<\/script>\n<!-- \/ Yoast SEO plugin. -->","yoast_head_json":{"title":"GDPR - Star EMEA","robots":{"index":"index","follow":"follow","max-snippet":"max-snippet:-1","max-image-preview":"max-image-preview:large","max-video-preview":"max-video-preview:-1"},"og_locale":"fr_FR","og_type":"article","og_title":"GDPR - Star EMEA","og_description":"[et_pb_section admin_label=\u00a0\u00bbsection\u00a0\u00bb background_color=\u00a0\u00bb#27323a\u00a0\u00bb inner_shadow=\u00a0\u00bboff\u00a0\u00bb parallax=\u00a0\u00bboff\u00a0\u00bb background_image=\u00a0\u00bbhttps:\/\/star-emea.com\/wp-content\/uploads\/2018\/03\/concert_dark.jpg\u00a0\u00bb transparent_background=\u00a0\u00bboff\u00a0\u00bb allow_player_pause=\u00a0\u00bboff\u00a0\u00bb parallax_method=\u00a0\u00bboff\u00a0\u00bb padding_mobile=\u00a0\u00bboff\u00a0\u00bb make_fullwidth=\u00a0\u00bboff\u00a0\u00bb use_custom_width=\u00a0\u00bboff\u00a0\u00bb width_unit=\u00a0\u00bbon\u00a0\u00bb make_equal=\u00a0\u00bboff\u00a0\u00bb use_custom_gutter=\u00a0\u00bboff\u00a0\u00bb][et_pb_row admin_label=\u00a0\u00bbrow\u00a0\u00bb][et_pb_column type=\u00a0\u00bb4_4&Prime;][et_pb_text admin_label=\u00a0\u00bbText\u00a0\u00bb background_layout=\u00a0\u00bbdark\u00a0\u00bb text_orientation=\u00a0\u00bbcenter\u00a0\u00bb use_border_color=\u00a0\u00bboff\u00a0\u00bb border_color=\u00a0\u00bb#ffffff\u00a0\u00bb border_style=\u00a0\u00bbsolid\u00a0\u00bb] Star Micronics EMEA R\u00e8glement g\u00e9n\u00e9ral sur la protection des donn\u00e9es (GDPR) [\/et_pb_text][\/et_pb_column][\/et_pb_row][\/et_pb_section][et_pb_section admin_label=\u00a0\u00bbSection\u00a0\u00bb fullwidth=\u00a0\u00bboff\u00a0\u00bb specialty=\u00a0\u00bboff\u00a0\u00bb][et_pb_row admin_label=\u00a0\u00bbRow\u00a0\u00bb][et_pb_column type=\u00a0\u00bb1_2&Prime;][et_pb_blurb admin_label=\u00a0\u00bbBlurb\u00a0\u00bb title=\u00a0\u00bbPourquoi dois-je confirmer \u00e0 nouveau mes informations ?\u00a0\u00bb url_new_window=\u00a0\u00bboff\u00a0\u00bb use_icon=\u00a0\u00bbon\u00a0\u00bb font_icon=\u00a0\u00bb\ue00e\u00a0\u00bb icon_color=\u00a0\u00bb#2ea3f2&Prime; use_circle=\u00a0\u00bboff\u00a0\u00bb circle_color=\u00a0\u00bb#108bf5&Prime; [&hellip;]","og_url":"https:\/\/star-emea.com\/fr\/gdpr\/","og_site_name":"Star EMEA","article_publisher":"https:\/\/www.facebook.com\/StarMicronicsEMEA","article_modified_time":"2018-05-21T10:15:03+00:00","og_image":[{"width":740,"height":463,"url":"https:\/\/star-emea.com\/wp-content\/uploads\/2023\/04\/bckgrnd.png","type":"image\/png"}],"twitter_misc":{"Dur\u00e9e de lecture estim\u00e9e":"5 minutes"},"schema":{"@context":"https:\/\/schema.org","@graph":[{"@type":"WebPage","@id":"https:\/\/star-emea.com\/fr\/gdpr\/","url":"https:\/\/star-emea.com\/fr\/gdpr\/","name":"GDPR - Star EMEA","isPartOf":{"@id":"https:\/\/star-emea.com\/#website"},"primaryImageOfPage":{"@id":"https:\/\/star-emea.com\/fr\/gdpr\/#primaryimage"},"image":{"@id":"https:\/\/star-emea.com\/fr\/gdpr\/#primaryimage"},"thumbnailUrl":"https:\/\/star-emea.com\/wp-content\/uploads\/2023\/04\/bckgrnd.png","datePublished":"2018-05-14T15:39:11+00:00","dateModified":"2018-05-21T10:15:03+00:00","breadcrumb":{"@id":"https:\/\/star-emea.com\/fr\/gdpr\/#breadcrumb"},"inLanguage":"fr-FR","potentialAction":[{"@type":"ReadAction","target":["https:\/\/star-emea.com\/fr\/gdpr\/"]}]},{"@type":"ImageObject","inLanguage":"fr-FR","@id":"https:\/\/star-emea.com\/fr\/gdpr\/#primaryimage","url":"https:\/\/star-emea.com\/wp-content\/uploads\/2023\/04\/bckgrnd.png","contentUrl":"https:\/\/star-emea.com\/wp-content\/uploads\/2023\/04\/bckgrnd.png","width":740,"height":463},{"@type":"BreadcrumbList","@id":"https:\/\/star-emea.com\/fr\/gdpr\/#breadcrumb","itemListElement":[{"@type":"ListItem","position":1,"name":"Home","item":"https:\/\/star-emea.com\/fr\/"},{"@type":"ListItem","position":2,"name":"GDPR"}]},{"@type":"WebSite","@id":"https:\/\/star-emea.com\/#website","url":"https:\/\/star-emea.com\/","name":"Star EMEA","description":"","publisher":{"@id":"https:\/\/star-emea.com\/#organization"},"potentialAction":[{"@type":"SearchAction","target":{"@type":"EntryPoint","urlTemplate":"https:\/\/star-emea.com\/?s={search_term_string}"},"query-input":{"@type":"PropertyValueSpecification","valueRequired":true,"valueName":"search_term_string"}}],"inLanguage":"fr-FR"},{"@type":"Organization","@id":"https:\/\/star-emea.com\/#organization","name":"Star EMEA","url":"https:\/\/star-emea.com\/","logo":{"@type":"ImageObject","inLanguage":"fr-FR","@id":"https:\/\/star-emea.com\/#\/schema\/logo\/image\/","url":"https:\/\/star-emea.com\/wp-content\/uploads\/2022\/05\/Star-blue-logo-.png","contentUrl":"https:\/\/star-emea.com\/wp-content\/uploads\/2022\/05\/Star-blue-logo-.png","width":147,"height":53,"caption":"Star EMEA"},"image":{"@id":"https:\/\/star-emea.com\/#\/schema\/logo\/image\/"},"sameAs":["https:\/\/www.facebook.com\/StarMicronicsEMEA"]}]}},"_links":{"self":[{"href":"https:\/\/star-emea.com\/fr\/wp-json\/wp\/v2\/pages\/12409","targetHints":{"allow":["GET"]}}],"collection":[{"href":"https:\/\/star-emea.com\/fr\/wp-json\/wp\/v2\/pages"}],"about":[{"href":"https:\/\/star-emea.com\/fr\/wp-json\/wp\/v2\/types\/page"}],"author":[{"embeddable":true,"href":"https:\/\/star-emea.com\/fr\/wp-json\/wp\/v2\/users\/2"}],"replies":[{"embeddable":true,"href":"https:\/\/star-emea.com\/fr\/wp-json\/wp\/v2\/comments?post=12409"}],"version-history":[{"count":0,"href":"https:\/\/star-emea.com\/fr\/wp-json\/wp\/v2\/pages\/12409\/revisions"}],"wp:featuredmedia":[{"embeddable":true,"href":"https:\/\/star-emea.com\/fr\/wp-json\/wp\/v2\/media\/29244"}],"wp:attachment":[{"href":"https:\/\/star-emea.com\/fr\/wp-json\/wp\/v2\/media?parent=12409"}],"curies":[{"name":"wp","href":"https:\/\/api.w.org\/{rel}","templated":true}]}}